{"id":280533,"date":"2026-04-26T12:45:26","date_gmt":"2026-04-26T12:45:26","guid":{"rendered":"https:\/\/lode.lv\/?post_type=product&#038;p=280533"},"modified":"2026-04-27T09:58:32","modified_gmt":"2026-04-27T09:58:32","slug":"kalahari-copy-copy","status":"publish","type":"product","link":"https:\/\/lode.lv\/lt\/shop\/brugesanai-lt\/klinkerio-grindinys\/kalahari-copy-copy\/","title":{"rendered":"Syriuzs 200&#215;100"},"content":{"rendered":"<p>Trinkel\u0117s su \u0161iltu ir nat\u016braliu molio atspalviu, kurios aplinkai suteikia harmoning\u0105 i\u0161vaizd\u0105. Idealios sodo takeliams, kiemams ir terasoms. Didelis patvarumas ir minimalus vandens \u012fgeriamumas u\u017etikrina ilgalaik\u0119 kokyb\u0119 ir spalvos patvarum\u0105.<\/p>\n","protected":false},"excerpt":{"rendered":"<p>Klinkerio trinkel\u0117s<\/p>\n","protected":false},"featured_media":280572,"template":"","meta":{"_acf_changed":false},"product_brand":[90],"product_cat":[524,1029,1058],"product_tag":[],"class_list":{"0":"post-280533","1":"product","2":"type-product","3":"status-publish","4":"has-post-thumbnail","6":"product_brand-lode","7":"product_cat-klinkerio-grindinys","8":"product_cat-brugesanai-lt","9":"product_cat-rudens2025","11":"first","12":"instock","13":"product-type-variable"},"acf":[],"_links":{"self":[{"href":"https:\/\/lode.lv\/lt\/wp-json\/wp\/v2\/product\/280533","targetHints":{"allow":["GET"]}}],"collection":[{"href":"https:\/\/lode.lv\/lt\/wp-json\/wp\/v2\/product"}],"about":[{"href":"https:\/\/lode.lv\/lt\/wp-json\/wp\/v2\/types\/product"}],"wp:featuredmedia":[{"embeddable":true,"href":"https:\/\/lode.lv\/lt\/wp-json\/wp\/v2\/media\/280572"}],"wp:attachment":[{"href":"https:\/\/lode.lv\/lt\/wp-json\/wp\/v2\/media?parent=280533"}],"wp:term":[{"taxonomy":"product_brand","embeddable":true,"href":"https:\/\/lode.lv\/lt\/wp-json\/wp\/v2\/product_brand?post=280533"},{"taxonomy":"product_cat","embeddable":true,"href":"https:\/\/lode.lv\/lt\/wp-json\/wp\/v2\/product_cat?post=280533"},{"taxonomy":"product_tag","embeddable":true,"href":"https:\/\/lode.lv\/lt\/wp-json\/wp\/v2\/product_tag?post=280533"}],"curies":[{"name":"wp","href":"https:\/\/api.w.org\/{rel}","templated":true}]}}