{"id":277931,"date":"2025-05-08T06:15:48","date_gmt":"2025-05-08T06:15:48","guid":{"rendered":"https:\/\/lode.lv\/product\/tybet-shadow-2\/"},"modified":"2025-05-08T15:24:29","modified_gmt":"2025-05-08T15:24:29","slug":"tybet-shadow-2","status":"publish","type":"product","link":"https:\/\/lode.lv\/lt\/shop\/brugesanai-lt\/klinkerio-grindinys\/tybet-shadow-2\/","title":{"rendered":"TYBET SHADOW"},"content":{"rendered":"<p>Klinkerio plytel\u0117s su pilk\u0173-rud\u0173 atspalvi\u0173 deriniu suteikia dangai dinami\u0161k\u0105 i\u0161vaizd\u0105. Spalv\u0173 s\u0105veika leid\u017eia kurti vizualiai turtingas ir niuansuotas dangas. D\u0117l specialios gamybos technologijos dangos spalva i\u0161lieka stabili \u0161imtme\u010dius \u2013 ji neblunka ir i\u0161laiko intensyvum\u0105 net esant dideliam saul\u0117s spinduliavimui, dr\u0117gmei ir temperat\u016bros svyravimams. \u0160i danga tinka p\u0117s\u010di\u0173j\u0173 takams ir lengvo eismo \u012fva\u017eiavimams<\/p>\n","protected":false},"excerpt":{"rendered":"<p>Klinkerio trinkel\u0117s<\/p>\n","protected":false},"featured_media":277888,"template":"","meta":{"_acf_changed":false},"product_brand":[],"product_cat":[524,1029,1058],"product_tag":[],"class_list":{"0":"post-277931","1":"product","2":"type-product","3":"status-publish","4":"has-post-thumbnail","6":"product_cat-klinkerio-grindinys","7":"product_cat-brugesanai-lt","8":"product_cat-rudens2025","10":"first","11":"instock","12":"taxable","13":"shipping-taxable","14":"purchasable","15":"product-type-simple"},"acf":[],"_links":{"self":[{"href":"https:\/\/lode.lv\/lt\/wp-json\/wp\/v2\/product\/277931","targetHints":{"allow":["GET"]}}],"collection":[{"href":"https:\/\/lode.lv\/lt\/wp-json\/wp\/v2\/product"}],"about":[{"href":"https:\/\/lode.lv\/lt\/wp-json\/wp\/v2\/types\/product"}],"wp:featuredmedia":[{"embeddable":true,"href":"https:\/\/lode.lv\/lt\/wp-json\/wp\/v2\/media\/277888"}],"wp:attachment":[{"href":"https:\/\/lode.lv\/lt\/wp-json\/wp\/v2\/media?parent=277931"}],"wp:term":[{"taxonomy":"product_brand","embeddable":true,"href":"https:\/\/lode.lv\/lt\/wp-json\/wp\/v2\/product_brand?post=277931"},{"taxonomy":"product_cat","embeddable":true,"href":"https:\/\/lode.lv\/lt\/wp-json\/wp\/v2\/product_cat?post=277931"},{"taxonomy":"product_tag","embeddable":true,"href":"https:\/\/lode.lv\/lt\/wp-json\/wp\/v2\/product_tag?post=277931"}],"curies":[{"name":"wp","href":"https:\/\/api.w.org\/{rel}","templated":true}]}}