{"id":275468,"date":"2025-04-16T12:01:26","date_gmt":"2025-04-16T12:01:26","guid":{"rendered":"https:\/\/lode.lv\/product\/senoji-janka-2\/"},"modified":"2025-05-07T04:00:13","modified_gmt":"2025-05-07T04:00:13","slug":"senoji-janka-2","status":"publish","type":"product","link":"https:\/\/lode.lv\/lt\/shop\/del-fasado\/perforuotos-apdailos-plytos\/senoji-janka-2\/","title":{"rendered":"Vecais Janka"},"content":{"rendered":"<p>Retro apdailos plyta su i\u0161skirtiniu molio raudonumo atspalviu, kurio pavir\u0161iui b\u016bdingos nelygumos ir subtil\u016bs tekst\u016bros niuansai, suteikiantys fasadui niuans\u0173 ir autenti\u0161kumo. VECAIS JANKA suteikia pastatams i\u0161skirtin\u0119 vizualin\u0119 i\u0161vaizd\u0105, i\u0161laikydama tradicines nat\u016bralaus molio vertybes ir patvarum\u0105.<\/p>\n","protected":false},"excerpt":{"rendered":"<p>Perforuota plyta<\/p>\n","protected":false},"featured_media":273231,"template":"","meta":{"_acf_changed":false},"product_brand":[90],"product_cat":[545,583],"product_tag":[],"class_list":{"0":"post-275468","1":"product","2":"type-product","3":"status-publish","4":"has-post-thumbnail","6":"product_brand-lode","7":"product_cat-del-fasado","8":"product_cat-perforuotos-apdailos-plytos","10":"first","11":"instock","12":"taxable","13":"shipping-taxable","14":"purchasable","15":"product-type-variable"},"acf":[],"_links":{"self":[{"href":"https:\/\/lode.lv\/lt\/wp-json\/wp\/v2\/product\/275468","targetHints":{"allow":["GET"]}}],"collection":[{"href":"https:\/\/lode.lv\/lt\/wp-json\/wp\/v2\/product"}],"about":[{"href":"https:\/\/lode.lv\/lt\/wp-json\/wp\/v2\/types\/product"}],"wp:featuredmedia":[{"embeddable":true,"href":"https:\/\/lode.lv\/lt\/wp-json\/wp\/v2\/media\/273231"}],"wp:attachment":[{"href":"https:\/\/lode.lv\/lt\/wp-json\/wp\/v2\/media?parent=275468"}],"wp:term":[{"taxonomy":"product_brand","embeddable":true,"href":"https:\/\/lode.lv\/lt\/wp-json\/wp\/v2\/product_brand?post=275468"},{"taxonomy":"product_cat","embeddable":true,"href":"https:\/\/lode.lv\/lt\/wp-json\/wp\/v2\/product_cat?post=275468"},{"taxonomy":"product_tag","embeddable":true,"href":"https:\/\/lode.lv\/lt\/wp-json\/wp\/v2\/product_tag?post=275468"}],"curies":[{"name":"wp","href":"https:\/\/api.w.org\/{rel}","templated":true}]}}