{"id":275448,"date":"2025-04-16T11:37:02","date_gmt":"2025-04-16T11:37:02","guid":{"rendered":"https:\/\/lode.lv\/product\/senasis-bruno\/"},"modified":"2025-05-07T19:45:32","modified_gmt":"2025-05-07T19:45:32","slug":"senasis-bruno","status":"publish","type":"product","link":"https:\/\/lode.lv\/lt\/shop\/del-fasado\/perforuotos-apdailos-plytos\/senasis-bruno\/","title":{"rendered":"Vecais Brunis"},"content":{"rendered":"<p>Tamsaus \u0161okolado spalvos retro apdailos plytos su banguota tekst\u016bra, suteikian\u010dia fasadams autenti\u0161k\u0105 charakter\u012f. Harmoningi spalv\u0173 niuansai ir reljefin\u0117 tekst\u016bra suteikia fasadui i\u0161skirtin\u0119 ir niuansuot\u0105 i\u0161vaizd\u0105, kuri puikiai papildo tiek istorinius, tiek \u0161iuolaikinius architekt\u016bros sprendimus.<\/p>\n","protected":false},"excerpt":{"rendered":"<p>Perforuota plyta<\/p>\n","protected":false},"featured_media":272931,"template":"","meta":{"_acf_changed":false},"product_brand":[90],"product_cat":[545,583],"product_tag":[],"class_list":{"0":"post-275448","1":"product","2":"type-product","3":"status-publish","4":"has-post-thumbnail","6":"product_brand-lode","7":"product_cat-del-fasado","8":"product_cat-perforuotos-apdailos-plytos","10":"first","11":"instock","12":"taxable","13":"shipping-taxable","14":"purchasable","15":"product-type-variable"},"acf":[],"_links":{"self":[{"href":"https:\/\/lode.lv\/lt\/wp-json\/wp\/v2\/product\/275448","targetHints":{"allow":["GET"]}}],"collection":[{"href":"https:\/\/lode.lv\/lt\/wp-json\/wp\/v2\/product"}],"about":[{"href":"https:\/\/lode.lv\/lt\/wp-json\/wp\/v2\/types\/product"}],"wp:featuredmedia":[{"embeddable":true,"href":"https:\/\/lode.lv\/lt\/wp-json\/wp\/v2\/media\/272931"}],"wp:attachment":[{"href":"https:\/\/lode.lv\/lt\/wp-json\/wp\/v2\/media?parent=275448"}],"wp:term":[{"taxonomy":"product_brand","embeddable":true,"href":"https:\/\/lode.lv\/lt\/wp-json\/wp\/v2\/product_brand?post=275448"},{"taxonomy":"product_cat","embeddable":true,"href":"https:\/\/lode.lv\/lt\/wp-json\/wp\/v2\/product_cat?post=275448"},{"taxonomy":"product_tag","embeddable":true,"href":"https:\/\/lode.lv\/lt\/wp-json\/wp\/v2\/product_tag?post=275448"}],"curies":[{"name":"wp","href":"https:\/\/api.w.org\/{rel}","templated":true}]}}