{"id":275439,"date":"2025-04-16T11:01:26","date_gmt":"2025-04-16T11:01:26","guid":{"rendered":"https:\/\/lode.lv\/product\/tybet-shadow\/"},"modified":"2025-05-07T04:00:14","modified_gmt":"2025-05-07T04:00:14","slug":"tybet-shadow","status":"publish","type":"product","link":"https:\/\/lode.lv\/lt\/shop\/del-fasado\/perforuotos-apdailos-plytos\/tybet-shadow\/","title":{"rendered":"TYBET SHADOW"},"content":{"rendered":"<p>TYBET spalvos suteikia fasadui ypatingos vizualin\u0117s dinamikos d\u0117l subtili\u0173 per\u0117jim\u0173 nuo grynos pilkos iki \u017eem\u0117s ton\u0173. Jo lygus pavir\u0161ius suteikia eleganti\u0161k\u0105 ir vienod\u0105 i\u0161vaizd\u0105, o ton\u0173 \u012fvairov\u0117 &#8211; nat\u016bral\u0173 ir unikal\u0173 vizualin\u012f efekt\u0105.<\/p>\n","protected":false},"excerpt":{"rendered":"<p>Perforuota plyta<\/p>\n","protected":false},"featured_media":273183,"template":"","meta":{"_acf_changed":false},"product_brand":[90],"product_cat":[545,583],"product_tag":[],"class_list":{"0":"post-275439","1":"product","2":"type-product","3":"status-publish","4":"has-post-thumbnail","6":"product_brand-lode","7":"product_cat-del-fasado","8":"product_cat-perforuotos-apdailos-plytos","10":"first","11":"instock","12":"taxable","13":"shipping-taxable","14":"purchasable","15":"product-type-simple"},"acf":[],"_links":{"self":[{"href":"https:\/\/lode.lv\/lt\/wp-json\/wp\/v2\/product\/275439","targetHints":{"allow":["GET"]}}],"collection":[{"href":"https:\/\/lode.lv\/lt\/wp-json\/wp\/v2\/product"}],"about":[{"href":"https:\/\/lode.lv\/lt\/wp-json\/wp\/v2\/types\/product"}],"wp:featuredmedia":[{"embeddable":true,"href":"https:\/\/lode.lv\/lt\/wp-json\/wp\/v2\/media\/273183"}],"wp:attachment":[{"href":"https:\/\/lode.lv\/lt\/wp-json\/wp\/v2\/media?parent=275439"}],"wp:term":[{"taxonomy":"product_brand","embeddable":true,"href":"https:\/\/lode.lv\/lt\/wp-json\/wp\/v2\/product_brand?post=275439"},{"taxonomy":"product_cat","embeddable":true,"href":"https:\/\/lode.lv\/lt\/wp-json\/wp\/v2\/product_cat?post=275439"},{"taxonomy":"product_tag","embeddable":true,"href":"https:\/\/lode.lv\/lt\/wp-json\/wp\/v2\/product_tag?post=275439"}],"curies":[{"name":"wp","href":"https:\/\/api.w.org\/{rel}","templated":true}]}}