{"id":275425,"date":"2025-04-16T10:51:31","date_gmt":"2025-04-16T10:51:31","guid":{"rendered":"https:\/\/lode.lv\/product\/asais-janka-3\/"},"modified":"2025-05-07T04:00:14","modified_gmt":"2025-05-07T04:00:14","slug":"asais-janka-3","status":"publish","type":"product","link":"https:\/\/lode.lv\/lt\/shop\/del-fasado\/perforuotos-apdailos-plytos\/asais-janka-3\/","title":{"rendered":"Asais Janka"},"content":{"rendered":"<p>Molio raudonos spalvos fasadin\u0117s plytos su stipriai subrai\u017eytu pavir\u0161iumi, suteikian\u010dios fasadui dinami\u0161k\u0105 ir i\u0161rai\u0161king\u0105 charakter\u012f. ASAIS JANKA idealiai tinka pramonin\u0117je aplinkoje, priva\u010di\u0173 nam\u0173, apsupt\u0173 gamtos, kra\u0161tovaizdyje ir istorini\u0173 pastat\u0173 restauravimui. <\/p>\n","protected":false},"excerpt":{"rendered":"<p>Perforuota plyta<\/p>\n","protected":false},"featured_media":272947,"template":"","meta":{"_acf_changed":false},"product_brand":[90],"product_cat":[545,583],"product_tag":[],"class_list":{"0":"post-275425","1":"product","2":"type-product","3":"status-publish","4":"has-post-thumbnail","6":"product_brand-lode","7":"product_cat-del-fasado","8":"product_cat-perforuotos-apdailos-plytos","10":"first","11":"instock","12":"taxable","13":"shipping-taxable","14":"purchasable","15":"product-type-variable"},"acf":[],"_links":{"self":[{"href":"https:\/\/lode.lv\/lt\/wp-json\/wp\/v2\/product\/275425","targetHints":{"allow":["GET"]}}],"collection":[{"href":"https:\/\/lode.lv\/lt\/wp-json\/wp\/v2\/product"}],"about":[{"href":"https:\/\/lode.lv\/lt\/wp-json\/wp\/v2\/types\/product"}],"wp:featuredmedia":[{"embeddable":true,"href":"https:\/\/lode.lv\/lt\/wp-json\/wp\/v2\/media\/272947"}],"wp:attachment":[{"href":"https:\/\/lode.lv\/lt\/wp-json\/wp\/v2\/media?parent=275425"}],"wp:term":[{"taxonomy":"product_brand","embeddable":true,"href":"https:\/\/lode.lv\/lt\/wp-json\/wp\/v2\/product_brand?post=275425"},{"taxonomy":"product_cat","embeddable":true,"href":"https:\/\/lode.lv\/lt\/wp-json\/wp\/v2\/product_cat?post=275425"},{"taxonomy":"product_tag","embeddable":true,"href":"https:\/\/lode.lv\/lt\/wp-json\/wp\/v2\/product_tag?post=275425"}],"curies":[{"name":"wp","href":"https:\/\/api.w.org\/{rel}","templated":true}]}}