{"id":275412,"date":"2025-04-16T10:37:10","date_gmt":"2025-04-16T10:37:10","guid":{"rendered":"https:\/\/lode.lv\/product\/asais-bruni\/"},"modified":"2025-06-11T16:33:50","modified_gmt":"2025-06-11T16:33:50","slug":"asais-bruni","status":"publish","type":"product","link":"https:\/\/lode.lv\/lt\/shop\/del-fasado\/perforuotos-apdailos-plytos\/asais-bruni\/","title":{"rendered":"Asais Brunis"},"content":{"rendered":"<p>Stiprios kavos spalvos plyta su stipriai subrai\u017eytu pavir\u0161iumi, suteikian\u010diu fasadui dinami\u0161k\u0105 ir i\u0161rai\u0161king\u0105 charakter\u012f. Jos tekst\u016bra sukuria niuansuot\u0105 \u0161viesos \u017eaism\u0105, kuris vizualiai pagilina sienos strukt\u016br\u0105 ir suteikia fasadui i\u0161skirtin\u012f charakter\u012f. Puikiai tinka pramoniniams ir klasikiniams pastatams, taip pat tiems, kurie siekia suteikti savo pastatui individuali\u0105 ir \u0161iuolaiki\u0161k\u0105 i\u0161vaizd\u0105.<\/p>\n","protected":false},"excerpt":{"rendered":"<p>Perforuota plyta<\/p>\n","protected":false},"featured_media":273007,"template":"","meta":{"_acf_changed":false},"product_brand":[90],"product_cat":[545,583],"product_tag":[],"class_list":{"0":"post-275412","1":"product","2":"type-product","3":"status-publish","4":"has-post-thumbnail","6":"product_brand-lode","7":"product_cat-del-fasado","8":"product_cat-perforuotos-apdailos-plytos","10":"first","11":"instock","12":"taxable","13":"shipping-taxable","14":"purchasable","15":"product-type-variable"},"acf":[],"_links":{"self":[{"href":"https:\/\/lode.lv\/lt\/wp-json\/wp\/v2\/product\/275412","targetHints":{"allow":["GET"]}}],"collection":[{"href":"https:\/\/lode.lv\/lt\/wp-json\/wp\/v2\/product"}],"about":[{"href":"https:\/\/lode.lv\/lt\/wp-json\/wp\/v2\/types\/product"}],"wp:featuredmedia":[{"embeddable":true,"href":"https:\/\/lode.lv\/lt\/wp-json\/wp\/v2\/media\/273007"}],"wp:attachment":[{"href":"https:\/\/lode.lv\/lt\/wp-json\/wp\/v2\/media?parent=275412"}],"wp:term":[{"taxonomy":"product_brand","embeddable":true,"href":"https:\/\/lode.lv\/lt\/wp-json\/wp\/v2\/product_brand?post=275412"},{"taxonomy":"product_cat","embeddable":true,"href":"https:\/\/lode.lv\/lt\/wp-json\/wp\/v2\/product_cat?post=275412"},{"taxonomy":"product_tag","embeddable":true,"href":"https:\/\/lode.lv\/lt\/wp-json\/wp\/v2\/product_tag?post=275412"}],"curies":[{"name":"wp","href":"https:\/\/api.w.org\/{rel}","templated":true}]}}