{"id":275402,"date":"2025-04-16T10:26:34","date_gmt":"2025-04-16T10:26:34","guid":{"rendered":"https:\/\/lode.lv\/product\/sharp-rudite\/"},"modified":"2025-05-07T04:00:14","modified_gmt":"2025-05-07T04:00:14","slug":"asa-rudite","status":"publish","type":"product","link":"https:\/\/lode.lv\/lt\/shop\/del-fasado\/perforuotos-apdailos-plytos\/asa-rudite\/","title":{"rendered":"Skarba Rudite"},"content":{"rendered":"<p>Geltonai rudos spalvos ta\u0161kuoto pavir\u0161iaus plytos su i\u0161skirtine tekst\u016bra, suteikian\u010dia vizualinio gylio ir nat\u016bralaus charakterio. Tvirtas pavir\u0161ius sukuria \u0161viesos \u017eaism\u0105, kuris fasadams suteikia individualumo ir i\u0161rai\u0161kingumo. Idealiai tinka restauruojant istorinius pastatus ir vykdant novatori\u0161kus projektus, siekian\u010dius i\u0161laikyti klasikin\u0119 ir tvari\u0105 apdail\u0105.<\/p>\n","protected":false},"excerpt":{"rendered":"<p>Perforuota plyta<\/p>\n","protected":false},"featured_media":275398,"template":"","meta":{"_acf_changed":false},"product_brand":[90],"product_cat":[545,583],"product_tag":[],"class_list":{"0":"post-275402","1":"product","2":"type-product","3":"status-publish","4":"has-post-thumbnail","6":"product_brand-lode","7":"product_cat-del-fasado","8":"product_cat-perforuotos-apdailos-plytos","10":"first","11":"instock","12":"taxable","13":"shipping-taxable","14":"purchasable","15":"product-type-simple"},"acf":[],"_links":{"self":[{"href":"https:\/\/lode.lv\/lt\/wp-json\/wp\/v2\/product\/275402","targetHints":{"allow":["GET"]}}],"collection":[{"href":"https:\/\/lode.lv\/lt\/wp-json\/wp\/v2\/product"}],"about":[{"href":"https:\/\/lode.lv\/lt\/wp-json\/wp\/v2\/types\/product"}],"wp:featuredmedia":[{"embeddable":true,"href":"https:\/\/lode.lv\/lt\/wp-json\/wp\/v2\/media\/275398"}],"wp:attachment":[{"href":"https:\/\/lode.lv\/lt\/wp-json\/wp\/v2\/media?parent=275402"}],"wp:term":[{"taxonomy":"product_brand","embeddable":true,"href":"https:\/\/lode.lv\/lt\/wp-json\/wp\/v2\/product_brand?post=275402"},{"taxonomy":"product_cat","embeddable":true,"href":"https:\/\/lode.lv\/lt\/wp-json\/wp\/v2\/product_cat?post=275402"},{"taxonomy":"product_tag","embeddable":true,"href":"https:\/\/lode.lv\/lt\/wp-json\/wp\/v2\/product_tag?post=275402"}],"curies":[{"name":"wp","href":"https:\/\/api.w.org\/{rel}","templated":true}]}}