{"id":275389,"date":"2025-04-16T10:17:01","date_gmt":"2025-04-16T10:17:01","guid":{"rendered":"https:\/\/lode.lv\/product\/astri-austre\/"},"modified":"2025-05-07T04:00:14","modified_gmt":"2025-05-07T04:00:14","slug":"astri-austre","status":"publish","type":"product","link":"https:\/\/lode.lv\/lt\/shop\/del-fasado\/perforuotos-apdailos-plytos\/astri-austre\/","title":{"rendered":"AS\u0100 AUSTRA"},"content":{"rendered":"<p>AS\u0100 AUSTRA yra perforuota apdailos plyta, turinti dr\u0105s\u0173 ir gyv\u0105 charakter\u012f \u2013 jos pavir\u0161iuje persipina geltoni, \u017eali ir ro\u017einiai atspalviai, sukurdami unikal\u0173 ir i\u0161skirtin\u012f vizualin\u012f efekt\u0105. \u0160i tvirta plyta su tekst\u016bruotu pavir\u0161iumi tinka tiek \u0161iuolaikiniams fasadams, tiek interjero akcentams, kur svarbios ir estetin\u0117s, ir technin\u0117s funkcijos. <\/p>\n","protected":false},"excerpt":{"rendered":"<p>Perforuota plyta<\/p>\n","protected":false},"featured_media":275383,"template":"","meta":{"_acf_changed":false},"product_brand":[90],"product_cat":[545,583],"product_tag":[],"class_list":{"0":"post-275389","1":"product","2":"type-product","3":"status-publish","4":"has-post-thumbnail","6":"product_brand-lode","7":"product_cat-del-fasado","8":"product_cat-perforuotos-apdailos-plytos","10":"first","11":"instock","12":"taxable","13":"shipping-taxable","14":"purchasable","15":"product-type-simple"},"acf":[],"_links":{"self":[{"href":"https:\/\/lode.lv\/lt\/wp-json\/wp\/v2\/product\/275389","targetHints":{"allow":["GET"]}}],"collection":[{"href":"https:\/\/lode.lv\/lt\/wp-json\/wp\/v2\/product"}],"about":[{"href":"https:\/\/lode.lv\/lt\/wp-json\/wp\/v2\/types\/product"}],"wp:featuredmedia":[{"embeddable":true,"href":"https:\/\/lode.lv\/lt\/wp-json\/wp\/v2\/media\/275383"}],"wp:attachment":[{"href":"https:\/\/lode.lv\/lt\/wp-json\/wp\/v2\/media?parent=275389"}],"wp:term":[{"taxonomy":"product_brand","embeddable":true,"href":"https:\/\/lode.lv\/lt\/wp-json\/wp\/v2\/product_brand?post=275389"},{"taxonomy":"product_cat","embeddable":true,"href":"https:\/\/lode.lv\/lt\/wp-json\/wp\/v2\/product_cat?post=275389"},{"taxonomy":"product_tag","embeddable":true,"href":"https:\/\/lode.lv\/lt\/wp-json\/wp\/v2\/product_tag?post=275389"}],"curies":[{"name":"wp","href":"https:\/\/api.w.org\/{rel}","templated":true}]}}