{"id":269891,"date":"2025-03-20T12:03:24","date_gmt":"2025-03-20T12:03:24","guid":{"rendered":"http:\/\/lode2025.local\/product\/amber\/"},"modified":"2026-02-28T09:54:24","modified_gmt":"2026-02-28T09:54:24","slug":"amber","status":"publish","type":"product","link":"https:\/\/lode.lv\/lt\/shop\/brugesanai-lt\/klinkerio-grindinys\/amber\/","title":{"rendered":"AMBER 200&#215;100"},"content":{"rendered":"<p>Gintaro spalvos grindinys, turintis sodr\u0173 ir \u0161ilt\u0105 atspalv\u012f, suteikiantis aplinkai elegancijos ir rafinuotumo. Tinkamas tiek istorin\u0117ms, tiek \u0161iuolaikin\u0117ms vietov\u0117ms &#8211; takams, kiemams, terasoms ir \u012fva\u017eiavimams. Grindinys i\u0161laikys savo spalv\u0105 ir patvarum\u0105 net kelis \u0161imtme\u010dius.<\/p>\n","protected":false},"excerpt":{"rendered":"<p>Klinkerio trinkel\u0117s<\/p>\n","protected":false},"featured_media":273571,"template":"","meta":{"_acf_changed":false},"product_brand":[90],"product_cat":[524,1029,1058],"product_tag":[],"class_list":{"0":"post-269891","1":"product","2":"type-product","3":"status-publish","4":"has-post-thumbnail","6":"product_brand-lode","7":"product_cat-klinkerio-grindinys","8":"product_cat-brugesanai-lt","9":"product_cat-rudens2025","11":"first","12":"instock","13":"purchasable","14":"product-type-variable","15":"has-default-attributes"},"acf":[],"_links":{"self":[{"href":"https:\/\/lode.lv\/lt\/wp-json\/wp\/v2\/product\/269891","targetHints":{"allow":["GET"]}}],"collection":[{"href":"https:\/\/lode.lv\/lt\/wp-json\/wp\/v2\/product"}],"about":[{"href":"https:\/\/lode.lv\/lt\/wp-json\/wp\/v2\/types\/product"}],"wp:featuredmedia":[{"embeddable":true,"href":"https:\/\/lode.lv\/lt\/wp-json\/wp\/v2\/media\/273571"}],"wp:attachment":[{"href":"https:\/\/lode.lv\/lt\/wp-json\/wp\/v2\/media?parent=269891"}],"wp:term":[{"taxonomy":"product_brand","embeddable":true,"href":"https:\/\/lode.lv\/lt\/wp-json\/wp\/v2\/product_brand?post=269891"},{"taxonomy":"product_cat","embeddable":true,"href":"https:\/\/lode.lv\/lt\/wp-json\/wp\/v2\/product_cat?post=269891"},{"taxonomy":"product_tag","embeddable":true,"href":"https:\/\/lode.lv\/lt\/wp-json\/wp\/v2\/product_tag?post=269891"}],"curies":[{"name":"wp","href":"https:\/\/api.w.org\/{rel}","templated":true}]}}