{"id":269890,"date":"2025-03-20T12:03:24","date_gmt":"2025-03-20T12:03:24","guid":{"rendered":"http:\/\/lode2025.local\/product\/sahara-3\/"},"modified":"2025-09-11T05:11:11","modified_gmt":"2025-09-11T05:11:11","slug":"sahara-3","status":"publish","type":"product","link":"https:\/\/lode.lv\/lt\/shop\/brugesanai-lt\/klinkerio-grindinys\/sahara-3\/","title":{"rendered":"SAHARA"},"content":{"rendered":"<p>Bly\u0161kiai geltonas dykumos spalvos trinkel\u0117s suteikia aplinkai saul\u0117t\u0105 ir \u0161ilt\u0105 poj\u016bt\u012f. J\u0173 spalva laikui b\u0117gant neblunka, i\u0161laikydama i\u0161skirtin\u012f ton\u0105. Puikiai tinka takams, kiemams ir ma\u017eai apkrautoms kiemo stov\u0117jimo vietoms.  <\/p>\n","protected":false},"excerpt":{"rendered":"<p>Klinkerio trinkel\u0117s<\/p>\n","protected":false},"featured_media":273563,"template":"","meta":{"_acf_changed":false},"product_brand":[90],"product_cat":[524,1029,1058],"product_tag":[],"class_list":{"0":"post-269890","1":"product","2":"type-product","3":"status-publish","4":"has-post-thumbnail","6":"product_brand-lode","7":"product_cat-klinkerio-grindinys","8":"product_cat-brugesanai-lt","9":"product_cat-rudens2025","11":"first","12":"instock","13":"purchasable","14":"product-type-variable"},"acf":[],"_links":{"self":[{"href":"https:\/\/lode.lv\/lt\/wp-json\/wp\/v2\/product\/269890","targetHints":{"allow":["GET"]}}],"collection":[{"href":"https:\/\/lode.lv\/lt\/wp-json\/wp\/v2\/product"}],"about":[{"href":"https:\/\/lode.lv\/lt\/wp-json\/wp\/v2\/types\/product"}],"wp:featuredmedia":[{"embeddable":true,"href":"https:\/\/lode.lv\/lt\/wp-json\/wp\/v2\/media\/273563"}],"wp:attachment":[{"href":"https:\/\/lode.lv\/lt\/wp-json\/wp\/v2\/media?parent=269890"}],"wp:term":[{"taxonomy":"product_brand","embeddable":true,"href":"https:\/\/lode.lv\/lt\/wp-json\/wp\/v2\/product_brand?post=269890"},{"taxonomy":"product_cat","embeddable":true,"href":"https:\/\/lode.lv\/lt\/wp-json\/wp\/v2\/product_cat?post=269890"},{"taxonomy":"product_tag","embeddable":true,"href":"https:\/\/lode.lv\/lt\/wp-json\/wp\/v2\/product_tag?post=269890"}],"curies":[{"name":"wp","href":"https:\/\/api.w.org\/{rel}","templated":true}]}}