{"id":269886,"date":"2025-03-20T12:03:24","date_gmt":"2025-03-20T12:03:24","guid":{"rendered":"http:\/\/lode2025.local\/product\/tybet-atspalviai\/"},"modified":"2025-09-11T05:18:35","modified_gmt":"2025-09-11T05:18:35","slug":"tybet-atspalviai","status":"publish","type":"product","link":"https:\/\/lode.lv\/lt\/shop\/brugesanai-lt\/klinkerio-grindinys\/tybet-atspalviai\/","title":{"rendered":"TYBET (SHADOW)"},"content":{"rendered":"<p>Klinkerio plytel\u0117s su pilk\u0173-rud\u0173 atspalvi\u0173 deriniu suteikia dangai dinami\u0161k\u0105 i\u0161vaizd\u0105. Spalv\u0173 s\u0105veika leid\u017eia kurti vizualiai turtingas ir niuansuotas dangas. D\u0117l specialios gamybos technologijos dangos spalva i\u0161lieka stabili \u0161imtme\u010dius &#8211; ji neblunka ir i\u0161laiko intensyvum\u0105 net esant dideliam saul\u0117s spinduliavimui, dr\u0117gmei ir temperat\u016bros svyravimams. \u0160i danga tinka p\u0117s\u010di\u0173j\u0173 takams ir lengvo eismo \u012fva\u017eiavimams.<\/p>\n","protected":false},"excerpt":{"rendered":"<p>Klinkerio trinkel\u0117s<\/p>\n","protected":false},"featured_media":273583,"template":"","meta":{"_acf_changed":false},"product_brand":[90],"product_cat":[524,1029,1058],"product_tag":[],"class_list":{"0":"post-269886","1":"product","2":"type-product","3":"status-publish","4":"has-post-thumbnail","6":"product_brand-lode","7":"product_cat-klinkerio-grindinys","8":"product_cat-brugesanai-lt","9":"product_cat-rudens2025","11":"first","12":"instock","13":"purchasable","14":"product-type-variable"},"acf":[],"_links":{"self":[{"href":"https:\/\/lode.lv\/lt\/wp-json\/wp\/v2\/product\/269886","targetHints":{"allow":["GET"]}}],"collection":[{"href":"https:\/\/lode.lv\/lt\/wp-json\/wp\/v2\/product"}],"about":[{"href":"https:\/\/lode.lv\/lt\/wp-json\/wp\/v2\/types\/product"}],"wp:featuredmedia":[{"embeddable":true,"href":"https:\/\/lode.lv\/lt\/wp-json\/wp\/v2\/media\/273583"}],"wp:attachment":[{"href":"https:\/\/lode.lv\/lt\/wp-json\/wp\/v2\/media?parent=269886"}],"wp:term":[{"taxonomy":"product_brand","embeddable":true,"href":"https:\/\/lode.lv\/lt\/wp-json\/wp\/v2\/product_brand?post=269886"},{"taxonomy":"product_cat","embeddable":true,"href":"https:\/\/lode.lv\/lt\/wp-json\/wp\/v2\/product_cat?post=269886"},{"taxonomy":"product_tag","embeddable":true,"href":"https:\/\/lode.lv\/lt\/wp-json\/wp\/v2\/product_tag?post=269886"}],"curies":[{"name":"wp","href":"https:\/\/api.w.org\/{rel}","templated":true}]}}