{"id":269883,"date":"2025-03-20T12:03:24","date_gmt":"2025-03-20T12:03:24","guid":{"rendered":"http:\/\/lode2025.local\/product\/tybet-5\/"},"modified":"2025-09-11T05:16:07","modified_gmt":"2025-09-11T05:16:07","slug":"tybet-5","status":"publish","type":"product","link":"https:\/\/lode.lv\/lt\/shop\/brugesanai-lt\/klinkerio-grindinys\/tybet-5\/","title":{"rendered":"TYBET"},"content":{"rendered":"<p>Grindinys, primenantis Skandinavijos pilkos spalvos elegancij\u0105, keliantis miglos, anglies juodumo, gilaus r\u016bko asociacijas. Vienas populiariausi\u0173 pastar\u0173j\u0173 met\u0173 grindini\u0173. Atsparus atmosferos s\u0105lygoms, mechaniniam kr\u016bviui ir cheminiam poveikiui, garantuojantis pastovi\u0105 kokyb\u0119 i\u0161 kartos \u012f kart\u0105. Priklausomai nuo dangos storio, tinka sodo takams, taip pat kiemo \u012fva\u017eiavimams, automobili\u0173 stov\u0117jimo aik\u0161tel\u0117ms ir intensyvaus eismo keliams.<\/p>\n","protected":false},"excerpt":{"rendered":"<p>Klinkerio trinkel\u0117s<\/p>\n","protected":false},"featured_media":273579,"template":"","meta":{"_acf_changed":false},"product_brand":[90],"product_cat":[524,1029,1058],"product_tag":[],"class_list":{"0":"post-269883","1":"product","2":"type-product","3":"status-publish","4":"has-post-thumbnail","6":"product_brand-lode","7":"product_cat-klinkerio-grindinys","8":"product_cat-brugesanai-lt","9":"product_cat-rudens2025","11":"first","12":"instock","13":"purchasable","14":"product-type-variable"},"acf":[],"_links":{"self":[{"href":"https:\/\/lode.lv\/lt\/wp-json\/wp\/v2\/product\/269883","targetHints":{"allow":["GET"]}}],"collection":[{"href":"https:\/\/lode.lv\/lt\/wp-json\/wp\/v2\/product"}],"about":[{"href":"https:\/\/lode.lv\/lt\/wp-json\/wp\/v2\/types\/product"}],"wp:featuredmedia":[{"embeddable":true,"href":"https:\/\/lode.lv\/lt\/wp-json\/wp\/v2\/media\/273579"}],"wp:attachment":[{"href":"https:\/\/lode.lv\/lt\/wp-json\/wp\/v2\/media?parent=269883"}],"wp:term":[{"taxonomy":"product_brand","embeddable":true,"href":"https:\/\/lode.lv\/lt\/wp-json\/wp\/v2\/product_brand?post=269883"},{"taxonomy":"product_cat","embeddable":true,"href":"https:\/\/lode.lv\/lt\/wp-json\/wp\/v2\/product_cat?post=269883"},{"taxonomy":"product_tag","embeddable":true,"href":"https:\/\/lode.lv\/lt\/wp-json\/wp\/v2\/product_tag?post=269883"}],"curies":[{"name":"wp","href":"https:\/\/api.w.org\/{rel}","templated":true}]}}