{"id":269877,"date":"2025-03-20T12:03:24","date_gmt":"2025-03-20T12:03:24","guid":{"rendered":"http:\/\/lode2025.local\/product\/gobi\/"},"modified":"2025-09-11T05:20:12","modified_gmt":"2025-09-11T05:20:12","slug":"gobi","status":"publish","type":"product","link":"https:\/\/lode.lv\/lt\/shop\/brugesanai-lt\/klinkerio-grindinys\/gobi\/","title":{"rendered":"GOBI"},"content":{"rendered":"<p>Geltonai rudos spalvos klinkerio plytel\u0117s, suteikian\u010dios takams harmoning\u0105 ir esteti\u0161k\u0105 i\u0161vaizd\u0105. D\u0117l savo tankios strukt\u016bros plytel\u0117s nesugeria dr\u0117gm\u0117s bei yra atsparios alyvos d\u0117m\u0117ms ir buitin\u0117ms chemin\u0117ms med\u017eiagoms, tod\u0117l i\u0161lieka nepriekai\u0161tingos i\u0161vaizdos \u0161imtme\u010dius. Idealiai tinka sodo takams, kiemams ir gyvenamosioms teritorijoms, kur reikalingas patvarus, lengvai pri\u017ei\u016brimas ir ilgaam\u017eis pavir\u0161ius.<\/p>\n","protected":false},"excerpt":{"rendered":"<p>Klinkerio trinkel\u0117s<\/p>\n","protected":false},"featured_media":273587,"template":"","meta":{"_acf_changed":false},"product_brand":[90],"product_cat":[524,1029,1058],"product_tag":[],"class_list":{"0":"post-269877","1":"product","2":"type-product","3":"status-publish","4":"has-post-thumbnail","6":"product_brand-lode","7":"product_cat-klinkerio-grindinys","8":"product_cat-brugesanai-lt","9":"product_cat-rudens2025","11":"first","12":"instock","13":"purchasable","14":"product-type-variable"},"acf":[],"_links":{"self":[{"href":"https:\/\/lode.lv\/lt\/wp-json\/wp\/v2\/product\/269877","targetHints":{"allow":["GET"]}}],"collection":[{"href":"https:\/\/lode.lv\/lt\/wp-json\/wp\/v2\/product"}],"about":[{"href":"https:\/\/lode.lv\/lt\/wp-json\/wp\/v2\/types\/product"}],"wp:featuredmedia":[{"embeddable":true,"href":"https:\/\/lode.lv\/lt\/wp-json\/wp\/v2\/media\/273587"}],"wp:attachment":[{"href":"https:\/\/lode.lv\/lt\/wp-json\/wp\/v2\/media?parent=269877"}],"wp:term":[{"taxonomy":"product_brand","embeddable":true,"href":"https:\/\/lode.lv\/lt\/wp-json\/wp\/v2\/product_brand?post=269877"},{"taxonomy":"product_cat","embeddable":true,"href":"https:\/\/lode.lv\/lt\/wp-json\/wp\/v2\/product_cat?post=269877"},{"taxonomy":"product_tag","embeddable":true,"href":"https:\/\/lode.lv\/lt\/wp-json\/wp\/v2\/product_tag?post=269877"}],"curies":[{"name":"wp","href":"https:\/\/api.w.org\/{rel}","templated":true}]}}