{"id":269871,"date":"2025-03-20T12:03:53","date_gmt":"2025-03-20T12:03:53","guid":{"rendered":"http:\/\/lode2025.local\/product\/lava\/"},"modified":"2025-09-11T04:58:13","modified_gmt":"2025-09-11T04:58:13","slug":"lava","status":"publish","type":"product","link":"https:\/\/lode.lv\/lt\/shop\/brugesanai-lt\/klinkerio-grindinys\/lava\/","title":{"rendered":"LAVA"},"content":{"rendered":"<p>Grindinys pasi\u017eymi gilia rausvai d\u0117m\u0117ta spalva, kuri aplinkai suteikia unikal\u0173 charakter\u012f. D\u0117l didelio mechaninio atsparumo ir ma\u017eo vandens sugerties klinkerio grindinys tinka tiek privatiems kiemams, tiek vie\u0161osioms ir miesto erdv\u0117ms, skirtoms p\u0117s\u010di\u0173j\u0173 eismui. Jo tanki strukt\u016bra u\u017etikrina atsparum\u0105 alyvos d\u0117m\u0117ms, r\u016bg\u0161tims ir buitinei chemijai, u\u017etikrindama lengv\u0105 prie\u017ei\u016br\u0105 ir ilgaam\u017ei\u0161kum\u0105.<\/p>\n","protected":false},"excerpt":{"rendered":"<p>Klinkerio grindinio plytel\u0117s<\/p>\n","protected":false},"featured_media":273603,"template":"","meta":{"_acf_changed":false},"product_brand":[90],"product_cat":[524,1029,1058],"product_tag":[],"class_list":{"0":"post-269871","1":"product","2":"type-product","3":"status-publish","4":"has-post-thumbnail","6":"product_brand-lode","7":"product_cat-klinkerio-grindinys","8":"product_cat-brugesanai-lt","9":"product_cat-rudens2025","11":"first","12":"instock","13":"purchasable","14":"product-type-variable"},"acf":[],"_links":{"self":[{"href":"https:\/\/lode.lv\/lt\/wp-json\/wp\/v2\/product\/269871","targetHints":{"allow":["GET"]}}],"collection":[{"href":"https:\/\/lode.lv\/lt\/wp-json\/wp\/v2\/product"}],"about":[{"href":"https:\/\/lode.lv\/lt\/wp-json\/wp\/v2\/types\/product"}],"wp:featuredmedia":[{"embeddable":true,"href":"https:\/\/lode.lv\/lt\/wp-json\/wp\/v2\/media\/273603"}],"wp:attachment":[{"href":"https:\/\/lode.lv\/lt\/wp-json\/wp\/v2\/media?parent=269871"}],"wp:term":[{"taxonomy":"product_brand","embeddable":true,"href":"https:\/\/lode.lv\/lt\/wp-json\/wp\/v2\/product_brand?post=269871"},{"taxonomy":"product_cat","embeddable":true,"href":"https:\/\/lode.lv\/lt\/wp-json\/wp\/v2\/product_cat?post=269871"},{"taxonomy":"product_tag","embeddable":true,"href":"https:\/\/lode.lv\/lt\/wp-json\/wp\/v2\/product_tag?post=269871"}],"curies":[{"name":"wp","href":"https:\/\/api.w.org\/{rel}","templated":true}]}}