{"id":269870,"date":"2025-03-20T12:03:53","date_gmt":"2025-03-20T12:03:53","guid":{"rendered":"http:\/\/lode2025.local\/product\/orion\/"},"modified":"2025-05-08T15:21:26","modified_gmt":"2025-05-08T15:21:26","slug":"orion","status":"publish","type":"product","link":"https:\/\/lode.lv\/lt\/shop\/brugesanai-lt\/klinkerio-grindinys\/orion\/","title":{"rendered":"ORION"},"content":{"rendered":"<p>Tamsiai rudas d\u0117m\u0117tas klinkerio grindinys su \u0161iurk\u0161\u010diu pavir\u0161iumi. Jo subtilus atspalvis suteikia vietovei \u0161iuolaiki\u0161k\u0105 ir eleganti\u0161k\u0105 i\u0161vaizd\u0105, tod\u0117l tai puikus pasirinkimas moderniai ir pramoninei aplinkai, taip pat \u0161iuolaikiniams \u0161eimos namams. Grindinys atsparus d\u0117v\u0117jimuisi ir atmosferiniams poveikiams, tod\u0117l garantuoja ilgalaik\u012f patvarum\u0105 ir estetin\u012f patrauklum\u0105. Tinka terasoms, sodo takams, p\u0117s\u010di\u0173j\u0173 takams ir kiemo \u012fva\u017eiavimams. <\/p>\n","protected":false},"excerpt":{"rendered":"<p>Klinkerio trinkel\u0117s<\/p>\n","protected":false},"featured_media":273595,"template":"","meta":{"_acf_changed":false},"product_brand":[90],"product_cat":[524,1029,1058],"product_tag":[],"class_list":{"0":"post-269870","1":"product","2":"type-product","3":"status-publish","4":"has-post-thumbnail","6":"product_brand-lode","7":"product_cat-klinkerio-grindinys","8":"product_cat-brugesanai-lt","9":"product_cat-rudens2025","11":"first","12":"instock","13":"purchasable","14":"product-type-variable"},"acf":[],"_links":{"self":[{"href":"https:\/\/lode.lv\/lt\/wp-json\/wp\/v2\/product\/269870","targetHints":{"allow":["GET"]}}],"collection":[{"href":"https:\/\/lode.lv\/lt\/wp-json\/wp\/v2\/product"}],"about":[{"href":"https:\/\/lode.lv\/lt\/wp-json\/wp\/v2\/types\/product"}],"wp:featuredmedia":[{"embeddable":true,"href":"https:\/\/lode.lv\/lt\/wp-json\/wp\/v2\/media\/273595"}],"wp:attachment":[{"href":"https:\/\/lode.lv\/lt\/wp-json\/wp\/v2\/media?parent=269870"}],"wp:term":[{"taxonomy":"product_brand","embeddable":true,"href":"https:\/\/lode.lv\/lt\/wp-json\/wp\/v2\/product_brand?post=269870"},{"taxonomy":"product_cat","embeddable":true,"href":"https:\/\/lode.lv\/lt\/wp-json\/wp\/v2\/product_cat?post=269870"},{"taxonomy":"product_tag","embeddable":true,"href":"https:\/\/lode.lv\/lt\/wp-json\/wp\/v2\/product_tag?post=269870"}],"curies":[{"name":"wp","href":"https:\/\/api.w.org\/{rel}","templated":true}]}}