{"id":269857,"date":"2025-03-24T03:44:51","date_gmt":"2025-03-24T03:44:51","guid":{"rendered":"http:\/\/lode2025.local\/product\/andromeda-4\/"},"modified":"2025-05-07T04:00:25","modified_gmt":"2025-05-07T04:00:25","slug":"andromeda-4","status":"publish","type":"product","link":"https:\/\/lode.lv\/lt\/shop\/del-fasado\/perforuotos-apdailos-plytos\/andromeda-4\/","title":{"rendered":"ANDROMEDA"},"content":{"rendered":"<p>ANDROMEDA derina purpurinius ir raudonus tonus, kad fasadas atrodyt\u0173 ne\u012fprastai ir rafinuotai. Jos lygus pavir\u0161ius sukuria eleganti\u0161k\u0105 ir tvarking\u0105 apdail\u0105, kuri dera tiek prie modernios, tiek prie istorin\u0117s architekt\u016bros. D\u0117l sodrios ir gilios spalvos ANDROMEDA plyta sukuria tvirt\u0105 ir vizualiai turting\u0105 fasad\u0105. \u0160i plyta tinka architekt\u016bros projektams, kurie siekia suderinti \u0161iuolaikin\u012f dizain\u0105 su senoviniu \u017eavesiu, suteikiant pastatui stipr\u0173 vizualin\u012f identitet\u0105.<\/p>\n","protected":false},"excerpt":{"rendered":"<p>Perforuota plyta<\/p>\n","protected":false},"featured_media":272667,"template":"","meta":{"_acf_changed":false},"product_brand":[90],"product_cat":[583],"product_tag":[],"class_list":{"0":"post-269857","1":"product","2":"type-product","3":"status-publish","4":"has-post-thumbnail","6":"product_brand-lode","7":"product_cat-perforuotos-apdailos-plytos","9":"first","10":"instock","11":"purchasable","12":"product-type-simple"},"acf":[],"_links":{"self":[{"href":"https:\/\/lode.lv\/lt\/wp-json\/wp\/v2\/product\/269857","targetHints":{"allow":["GET"]}}],"collection":[{"href":"https:\/\/lode.lv\/lt\/wp-json\/wp\/v2\/product"}],"about":[{"href":"https:\/\/lode.lv\/lt\/wp-json\/wp\/v2\/types\/product"}],"wp:featuredmedia":[{"embeddable":true,"href":"https:\/\/lode.lv\/lt\/wp-json\/wp\/v2\/media\/272667"}],"wp:attachment":[{"href":"https:\/\/lode.lv\/lt\/wp-json\/wp\/v2\/media?parent=269857"}],"wp:term":[{"taxonomy":"product_brand","embeddable":true,"href":"https:\/\/lode.lv\/lt\/wp-json\/wp\/v2\/product_brand?post=269857"},{"taxonomy":"product_cat","embeddable":true,"href":"https:\/\/lode.lv\/lt\/wp-json\/wp\/v2\/product_cat?post=269857"},{"taxonomy":"product_tag","embeddable":true,"href":"https:\/\/lode.lv\/lt\/wp-json\/wp\/v2\/product_tag?post=269857"}],"curies":[{"name":"wp","href":"https:\/\/api.w.org\/{rel}","templated":true}]}}