{"id":269851,"date":"2025-03-24T03:44:51","date_gmt":"2025-03-24T03:44:51","guid":{"rendered":"http:\/\/lode2025.local\/product\/blanka\/"},"modified":"2025-05-07T04:00:25","modified_gmt":"2025-05-07T04:00:25","slug":"blanka","status":"publish","type":"product","link":"https:\/\/lode.lv\/lt\/shop\/del-fasado\/perforuotos-apdailos-plytos\/blanka\/","title":{"rendered":"BLANKA"},"content":{"rendered":"<p>Lakoni\u0161kos baltos plytos suteikia vizualin\u012f lengvum\u0105 ir erdvumo poj\u016bt\u012f. Jos lygus pavir\u0161ius sienai suteikia rafinuotos elegancijos, tod\u0117l tai yra idealus pasirinkimas moderniems, minimalistiniams fasadams ir interjerams. D\u0117l \u0161viesaus atspalvio BLANKA efektyviai atspindi \u0161vies\u0105 ir kuria architekt\u016brin\u012f ai\u0161kum\u0105, kuris pagerina tiek modernius, tiek klasikinius dizaino sprendimus. <\/p>\n","protected":false},"excerpt":{"rendered":"<p>Perforuota plyta<\/p>\n","protected":false},"featured_media":272911,"template":"","meta":{"_acf_changed":false},"product_brand":[90],"product_cat":[583],"product_tag":[],"class_list":{"0":"post-269851","1":"product","2":"type-product","3":"status-publish","4":"has-post-thumbnail","6":"product_brand-lode","7":"product_cat-perforuotos-apdailos-plytos","9":"first","10":"instock","11":"purchasable","12":"product-type-simple"},"acf":[],"_links":{"self":[{"href":"https:\/\/lode.lv\/lt\/wp-json\/wp\/v2\/product\/269851","targetHints":{"allow":["GET"]}}],"collection":[{"href":"https:\/\/lode.lv\/lt\/wp-json\/wp\/v2\/product"}],"about":[{"href":"https:\/\/lode.lv\/lt\/wp-json\/wp\/v2\/types\/product"}],"wp:featuredmedia":[{"embeddable":true,"href":"https:\/\/lode.lv\/lt\/wp-json\/wp\/v2\/media\/272911"}],"wp:attachment":[{"href":"https:\/\/lode.lv\/lt\/wp-json\/wp\/v2\/media?parent=269851"}],"wp:term":[{"taxonomy":"product_brand","embeddable":true,"href":"https:\/\/lode.lv\/lt\/wp-json\/wp\/v2\/product_brand?post=269851"},{"taxonomy":"product_cat","embeddable":true,"href":"https:\/\/lode.lv\/lt\/wp-json\/wp\/v2\/product_cat?post=269851"},{"taxonomy":"product_tag","embeddable":true,"href":"https:\/\/lode.lv\/lt\/wp-json\/wp\/v2\/product_tag?post=269851"}],"curies":[{"name":"wp","href":"https:\/\/api.w.org\/{rel}","templated":true}]}}