{"id":269830,"date":"2025-03-24T03:45:00","date_gmt":"2025-03-24T03:45:00","guid":{"rendered":"http:\/\/lode2025.local\/product\/carbon-2\/"},"modified":"2025-05-07T04:00:23","modified_gmt":"2025-05-07T04:00:23","slug":"carbon-2","status":"publish","type":"product","link":"https:\/\/lode.lv\/lt\/shop\/del-fasado\/perforuotos-apdailos-plytos\/carbon-2\/","title":{"rendered":"CARBON"},"content":{"rendered":"<p>Plytos yra aksominio juodumo spalvos ir lygaus pavir\u0161iaus, suteikian\u010dio fasadui monolitin\u0119 ir moderni\u0105 i\u0161vaizd\u0105. CARBON galima s\u0117kmingai derinti su nat\u016braliomis med\u017eiagomis, tokiomis kaip mediena, metalas ir stiklas, siekiant sukurti moderni\u0105 ir lakoni\u0161k\u0105 architekt\u016br\u0105. \u0160i juoda plyta tinka tiek minimalistiniams, tiek pramoniniams pastatams, ir yra vizualiai galingas elementas, kuris bet kur\u012f fasad\u0105 paver\u010dia ypa\u010d \u012fsp\u016bdingu ir \u0161iuolaiki\u0161ku.<\/p>\n","protected":false},"excerpt":{"rendered":"<p>Perforuota plyta<\/p>\n","protected":false},"featured_media":272879,"template":"","meta":{"_acf_changed":false},"product_brand":[90],"product_cat":[583],"product_tag":[],"class_list":{"0":"post-269830","1":"product","2":"type-product","3":"status-publish","4":"has-post-thumbnail","6":"product_brand-lode","7":"product_cat-perforuotos-apdailos-plytos","9":"first","10":"instock","11":"purchasable","12":"product-type-simple"},"acf":[],"_links":{"self":[{"href":"https:\/\/lode.lv\/lt\/wp-json\/wp\/v2\/product\/269830","targetHints":{"allow":["GET"]}}],"collection":[{"href":"https:\/\/lode.lv\/lt\/wp-json\/wp\/v2\/product"}],"about":[{"href":"https:\/\/lode.lv\/lt\/wp-json\/wp\/v2\/types\/product"}],"wp:featuredmedia":[{"embeddable":true,"href":"https:\/\/lode.lv\/lt\/wp-json\/wp\/v2\/media\/272879"}],"wp:attachment":[{"href":"https:\/\/lode.lv\/lt\/wp-json\/wp\/v2\/media?parent=269830"}],"wp:term":[{"taxonomy":"product_brand","embeddable":true,"href":"https:\/\/lode.lv\/lt\/wp-json\/wp\/v2\/product_brand?post=269830"},{"taxonomy":"product_cat","embeddable":true,"href":"https:\/\/lode.lv\/lt\/wp-json\/wp\/v2\/product_cat?post=269830"},{"taxonomy":"product_tag","embeddable":true,"href":"https:\/\/lode.lv\/lt\/wp-json\/wp\/v2\/product_tag?post=269830"}],"curies":[{"name":"wp","href":"https:\/\/api.w.org\/{rel}","templated":true}]}}