{"id":269826,"date":"2025-03-24T03:45:00","date_gmt":"2025-03-24T03:45:00","guid":{"rendered":"http:\/\/lode2025.local\/product\/galaxy-2\/"},"modified":"2025-05-07T04:00:22","modified_gmt":"2025-05-07T04:00:22","slug":"galaxy-2","status":"publish","type":"product","link":"https:\/\/lode.lv\/lt\/shop\/del-fasado\/perforuotos-apdailos-plytos\/galaxy-2\/","title":{"rendered":"GALAXY"},"content":{"rendered":"<p>GALAXY i\u0161siskiria intensyvia juoda spalva ir lygiu pavir\u0161iumi, suteikian\u010diu pastatui pramonin\u012f ir \u0161iuolaiki\u0161k\u0105 poj\u016bt\u012f. Jos monolitin\u0117 strukt\u016bra sukuria minimalistin\u012f ir vizualiai \u0161var\u0173 fasad\u0105, kuris puikiai harmonizuoja su moderniais architekt\u016briniais sprendimais ir med\u017eiagomis, tokiomis kaip metalas ir stiklas. \u0160i plyta prideda pastatui elegancijos ir vizualios gilumos, tuo pa\u010diu u\u017etikrinant patvarum\u0105 ir ilgaam\u017ei\u0161kum\u0105.<\/p>\n","protected":false},"excerpt":{"rendered":"<p>Perforuota plyta<\/p>\n","protected":false},"featured_media":273731,"template":"","meta":{"_acf_changed":false},"product_brand":[90],"product_cat":[583],"product_tag":[],"class_list":{"0":"post-269826","1":"product","2":"type-product","3":"status-publish","4":"has-post-thumbnail","6":"product_brand-lode","7":"product_cat-perforuotos-apdailos-plytos","9":"first","10":"instock","11":"purchasable","12":"product-type-simple"},"acf":[],"_links":{"self":[{"href":"https:\/\/lode.lv\/lt\/wp-json\/wp\/v2\/product\/269826","targetHints":{"allow":["GET"]}}],"collection":[{"href":"https:\/\/lode.lv\/lt\/wp-json\/wp\/v2\/product"}],"about":[{"href":"https:\/\/lode.lv\/lt\/wp-json\/wp\/v2\/types\/product"}],"wp:featuredmedia":[{"embeddable":true,"href":"https:\/\/lode.lv\/lt\/wp-json\/wp\/v2\/media\/273731"}],"wp:attachment":[{"href":"https:\/\/lode.lv\/lt\/wp-json\/wp\/v2\/media?parent=269826"}],"wp:term":[{"taxonomy":"product_brand","embeddable":true,"href":"https:\/\/lode.lv\/lt\/wp-json\/wp\/v2\/product_brand?post=269826"},{"taxonomy":"product_cat","embeddable":true,"href":"https:\/\/lode.lv\/lt\/wp-json\/wp\/v2\/product_cat?post=269826"},{"taxonomy":"product_tag","embeddable":true,"href":"https:\/\/lode.lv\/lt\/wp-json\/wp\/v2\/product_tag?post=269826"}],"curies":[{"name":"wp","href":"https:\/\/api.w.org\/{rel}","templated":true}]}}