{"id":269824,"date":"2025-03-24T03:45:00","date_gmt":"2025-03-24T03:45:00","guid":{"rendered":"http:\/\/lode2025.local\/product\/etna-2\/"},"modified":"2025-05-07T04:00:23","modified_gmt":"2025-05-07T04:00:23","slug":"etna-2","status":"publish","type":"product","link":"https:\/\/lode.lv\/lt\/shop\/del-fasado\/perforuotos-apdailos-plytos\/etna-2\/","title":{"rendered":"ETNA"},"content":{"rendered":"<p>ETNA \u012fk\u016bnija sodr\u0173, gil\u0173 ka\u0161ton\u0173 ir purpurin\u012f atspalv\u012f, kuris suteikia fasadui stipr\u0173 ir i\u0161skirtin\u012f vizualin\u012f \u012fvaizd\u012f, suderint\u0105 su lygiu ir ramiu plyt\u0173 pavir\u0161iumi. Tinka tiems, kurie nori sukurti unikal\u0173 ir ilgaam\u017e\u012f fasad\u0105, laikui b\u0117gant i\u0161laikant\u012f patrauklum\u0105 ir atsparum\u0105 aplinkos poveikiams. ETNA taip pat tinka krosni\u0173 ir kamin\u0173 apdailai, taip pat vonioms ir stogo elementams.<\/p>\n","protected":false},"excerpt":{"rendered":"<p>Perforuota plyta<\/p>\n","protected":false},"featured_media":272679,"template":"","meta":{"_acf_changed":false},"product_brand":[90],"product_cat":[583],"product_tag":[],"class_list":{"0":"post-269824","1":"product","2":"type-product","3":"status-publish","4":"has-post-thumbnail","6":"product_brand-lode","7":"product_cat-perforuotos-apdailos-plytos","9":"first","10":"instock","11":"purchasable","12":"product-type-simple"},"acf":[],"_links":{"self":[{"href":"https:\/\/lode.lv\/lt\/wp-json\/wp\/v2\/product\/269824","targetHints":{"allow":["GET"]}}],"collection":[{"href":"https:\/\/lode.lv\/lt\/wp-json\/wp\/v2\/product"}],"about":[{"href":"https:\/\/lode.lv\/lt\/wp-json\/wp\/v2\/types\/product"}],"wp:featuredmedia":[{"embeddable":true,"href":"https:\/\/lode.lv\/lt\/wp-json\/wp\/v2\/media\/272679"}],"wp:attachment":[{"href":"https:\/\/lode.lv\/lt\/wp-json\/wp\/v2\/media?parent=269824"}],"wp:term":[{"taxonomy":"product_brand","embeddable":true,"href":"https:\/\/lode.lv\/lt\/wp-json\/wp\/v2\/product_brand?post=269824"},{"taxonomy":"product_cat","embeddable":true,"href":"https:\/\/lode.lv\/lt\/wp-json\/wp\/v2\/product_cat?post=269824"},{"taxonomy":"product_tag","embeddable":true,"href":"https:\/\/lode.lv\/lt\/wp-json\/wp\/v2\/product_tag?post=269824"}],"curies":[{"name":"wp","href":"https:\/\/api.w.org\/{rel}","templated":true}]}}