{"id":269817,"date":"2025-03-24T03:45:00","date_gmt":"2025-03-24T03:45:00","guid":{"rendered":"http:\/\/lode2025.local\/product\/gemini-2\/"},"modified":"2025-05-07T04:00:22","modified_gmt":"2025-05-07T04:00:22","slug":"gemini-2","status":"publish","type":"product","link":"https:\/\/lode.lv\/lt\/shop\/del-fasado\/perforuotos-apdailos-plytos\/gemini-2\/","title":{"rendered":"GEMINI"},"content":{"rendered":"<p>Raudonai d\u0117m\u0117tos plytos, kuri\u0173 lygus pavir\u0161ius suteikia fasadui elegancijos ir gilumo. Nat\u016bral\u016bs plyt\u0173 atspalviai leid\u017eia joms puikiai \u012fsilieti \u012f aplink\u0105, suteikdami pastatui nat\u016brali\u0105 ir eleganti\u0161k\u0105 i\u0161vaizd\u0105. GEMINI plyta yra tinkama tiek pramoniniam, tiek minimalistiniam dizainui, tod\u0117l yra idealus pasirinkimas, jei norite suderinti moderni\u0105 estetik\u0105 su klasikini\u0173 med\u017eiag\u0173 patvarumu.  <\/p>\n","protected":false},"excerpt":{"rendered":"<p>Perforuota plyta<\/p>\n","protected":false},"featured_media":272891,"template":"","meta":{"_acf_changed":false},"product_brand":[90],"product_cat":[583],"product_tag":[],"class_list":{"0":"post-269817","1":"product","2":"type-product","3":"status-publish","4":"has-post-thumbnail","6":"product_brand-lode","7":"product_cat-perforuotos-apdailos-plytos","9":"first","10":"instock","11":"purchasable","12":"product-type-simple"},"acf":[],"_links":{"self":[{"href":"https:\/\/lode.lv\/lt\/wp-json\/wp\/v2\/product\/269817","targetHints":{"allow":["GET"]}}],"collection":[{"href":"https:\/\/lode.lv\/lt\/wp-json\/wp\/v2\/product"}],"about":[{"href":"https:\/\/lode.lv\/lt\/wp-json\/wp\/v2\/types\/product"}],"wp:featuredmedia":[{"embeddable":true,"href":"https:\/\/lode.lv\/lt\/wp-json\/wp\/v2\/media\/272891"}],"wp:attachment":[{"href":"https:\/\/lode.lv\/lt\/wp-json\/wp\/v2\/media?parent=269817"}],"wp:term":[{"taxonomy":"product_brand","embeddable":true,"href":"https:\/\/lode.lv\/lt\/wp-json\/wp\/v2\/product_brand?post=269817"},{"taxonomy":"product_cat","embeddable":true,"href":"https:\/\/lode.lv\/lt\/wp-json\/wp\/v2\/product_cat?post=269817"},{"taxonomy":"product_tag","embeddable":true,"href":"https:\/\/lode.lv\/lt\/wp-json\/wp\/v2\/product_tag?post=269817"}],"curies":[{"name":"wp","href":"https:\/\/api.w.org\/{rel}","templated":true}]}}