{"id":269809,"date":"2025-03-24T03:45:00","date_gmt":"2025-03-24T03:45:00","guid":{"rendered":"http:\/\/lode2025.local\/product\/janka-2\/"},"modified":"2025-05-07T04:00:22","modified_gmt":"2025-05-07T04:00:22","slug":"janka-2","status":"publish","type":"product","link":"https:\/\/lode.lv\/lt\/shop\/del-fasado\/perforuotos-apdailos-plytos\/janka-2\/","title":{"rendered":"JANKA"},"content":{"rendered":"<p>Klasikin\u0117 ir \u012ftaigi raudono molio plyta, atspindinti tradicin\u0117s plytos \u017eaves\u012f. Jos lygus pavir\u0161ius suteikia eleganti\u0161k\u0105 ir tvarking\u0105 i\u0161vaizd\u0105, kuri puikiai tiks tiek istoriniuose, tiek \u0161iuolaikiniuose fasaduose. D\u0117l savo sodrios spalvos JANKA yra tinkama ne tik i\u0161orin\u0117ms sienoms, bet ir vidaus akcentams.<\/p>\n","protected":false},"excerpt":{"rendered":"<p>Perforuota plyta<\/p>\n","protected":false},"featured_media":272951,"template":"","meta":{"_acf_changed":false},"product_brand":[90],"product_cat":[583],"product_tag":[],"class_list":{"0":"post-269809","1":"product","2":"type-product","3":"status-publish","4":"has-post-thumbnail","6":"product_brand-lode","7":"product_cat-perforuotos-apdailos-plytos","9":"first","10":"instock","11":"product-type-variable"},"acf":[],"_links":{"self":[{"href":"https:\/\/lode.lv\/lt\/wp-json\/wp\/v2\/product\/269809","targetHints":{"allow":["GET"]}}],"collection":[{"href":"https:\/\/lode.lv\/lt\/wp-json\/wp\/v2\/product"}],"about":[{"href":"https:\/\/lode.lv\/lt\/wp-json\/wp\/v2\/types\/product"}],"wp:featuredmedia":[{"embeddable":true,"href":"https:\/\/lode.lv\/lt\/wp-json\/wp\/v2\/media\/272951"}],"wp:attachment":[{"href":"https:\/\/lode.lv\/lt\/wp-json\/wp\/v2\/media?parent=269809"}],"wp:term":[{"taxonomy":"product_brand","embeddable":true,"href":"https:\/\/lode.lv\/lt\/wp-json\/wp\/v2\/product_brand?post=269809"},{"taxonomy":"product_cat","embeddable":true,"href":"https:\/\/lode.lv\/lt\/wp-json\/wp\/v2\/product_cat?post=269809"},{"taxonomy":"product_tag","embeddable":true,"href":"https:\/\/lode.lv\/lt\/wp-json\/wp\/v2\/product_tag?post=269809"}],"curies":[{"name":"wp","href":"https:\/\/api.w.org\/{rel}","templated":true}]}}