{"id":269803,"date":"2025-03-24T03:45:09","date_gmt":"2025-03-24T03:45:09","guid":{"rendered":"http:\/\/lode2025.local\/product\/krypton-new\/"},"modified":"2025-05-07T04:00:21","modified_gmt":"2025-05-07T04:00:21","slug":"krypton-new","status":"publish","type":"product","link":"https:\/\/lode.lv\/lt\/shop\/del-fasado\/perforuotos-apdailos-plytos\/krypton-new\/","title":{"rendered":"KRYPTON NOVO"},"content":{"rendered":"<p>KRYPTON NOVO sodri juoda spalva ir i\u0161skirtin\u0117 subrai\u017eyta tekst\u016bra sukuria dar gilesn\u0119 ir kontrastingesn\u0119 fasado i\u0161vaizd\u0105. D\u0117l pavir\u0161iaus tekst\u016bros ypa\u010d i\u0161ry\u0161k\u0117ja \u0161viesos \u017eaismas, suteikiantis fasadui dinami\u0161kumo ir energingumo. KRYPTON NOVO tinka projektams, siekiantiems i\u0161reik\u0161ti pastato i\u0161rai\u0161king\u0105, eleganti\u0161k\u0105 ir dr\u0105s\u0173 charakter\u012f.<\/p>\n","protected":false},"excerpt":{"rendered":"<p>Perforuota plyta<\/p>\n","protected":false},"featured_media":273735,"template":"","meta":{"_acf_changed":false},"product_brand":[90],"product_cat":[583],"product_tag":[],"class_list":{"0":"post-269803","1":"product","2":"type-product","3":"status-publish","4":"has-post-thumbnail","6":"product_brand-lode","7":"product_cat-perforuotos-apdailos-plytos","9":"first","10":"instock","11":"purchasable","12":"product-type-simple"},"acf":[],"_links":{"self":[{"href":"https:\/\/lode.lv\/lt\/wp-json\/wp\/v2\/product\/269803","targetHints":{"allow":["GET"]}}],"collection":[{"href":"https:\/\/lode.lv\/lt\/wp-json\/wp\/v2\/product"}],"about":[{"href":"https:\/\/lode.lv\/lt\/wp-json\/wp\/v2\/types\/product"}],"wp:featuredmedia":[{"embeddable":true,"href":"https:\/\/lode.lv\/lt\/wp-json\/wp\/v2\/media\/273735"}],"wp:attachment":[{"href":"https:\/\/lode.lv\/lt\/wp-json\/wp\/v2\/media?parent=269803"}],"wp:term":[{"taxonomy":"product_brand","embeddable":true,"href":"https:\/\/lode.lv\/lt\/wp-json\/wp\/v2\/product_brand?post=269803"},{"taxonomy":"product_cat","embeddable":true,"href":"https:\/\/lode.lv\/lt\/wp-json\/wp\/v2\/product_cat?post=269803"},{"taxonomy":"product_tag","embeddable":true,"href":"https:\/\/lode.lv\/lt\/wp-json\/wp\/v2\/product_tag?post=269803"}],"curies":[{"name":"wp","href":"https:\/\/api.w.org\/{rel}","templated":true}]}}