{"id":269797,"date":"2025-03-24T03:45:09","date_gmt":"2025-03-24T03:45:09","guid":{"rendered":"http:\/\/lode2025.local\/product\/rudit\/"},"modified":"2025-05-07T04:00:21","modified_gmt":"2025-05-07T04:00:21","slug":"rudit","status":"publish","type":"product","link":"https:\/\/lode.lv\/lt\/shop\/del-fasado\/perforuotos-apdailos-plytos\/rudit\/","title":{"rendered":"RUDITE"},"content":{"rendered":"<p>Tamsiai rausvas plyt\u0173 tonas suteikia fasadui gyv\u0105 ir nat\u016bral\u0173 ritm\u0105. Jo lygi tekst\u016bra suteikia eleganti\u0161k\u0105, tvarking\u0105 i\u0161vaizd\u0105, o \u012fvairus spalv\u0173 \u017eaismas sienai suteikia dinami\u0161kumo ir unikalumo. \u0160i plyta yra puikus papildymas tiek istoriniams pastatams, tiek moderniai architekt\u016brai, kur reikalingas vizualinis gylis ir \u0161ilumos poj\u016btis. <\/p>\n","protected":false},"excerpt":{"rendered":"<p>Perforuota plyta<\/p>\n","protected":false},"featured_media":272943,"template":"","meta":{"_acf_changed":false},"product_brand":[90],"product_cat":[583],"product_tag":[],"class_list":{"0":"post-269797","1":"product","2":"type-product","3":"status-publish","4":"has-post-thumbnail","6":"product_brand-lode","7":"product_cat-perforuotos-apdailos-plytos","9":"first","10":"instock","11":"purchasable","12":"product-type-variable"},"acf":[],"_links":{"self":[{"href":"https:\/\/lode.lv\/lt\/wp-json\/wp\/v2\/product\/269797","targetHints":{"allow":["GET"]}}],"collection":[{"href":"https:\/\/lode.lv\/lt\/wp-json\/wp\/v2\/product"}],"about":[{"href":"https:\/\/lode.lv\/lt\/wp-json\/wp\/v2\/types\/product"}],"wp:featuredmedia":[{"embeddable":true,"href":"https:\/\/lode.lv\/lt\/wp-json\/wp\/v2\/media\/272943"}],"wp:attachment":[{"href":"https:\/\/lode.lv\/lt\/wp-json\/wp\/v2\/media?parent=269797"}],"wp:term":[{"taxonomy":"product_brand","embeddable":true,"href":"https:\/\/lode.lv\/lt\/wp-json\/wp\/v2\/product_brand?post=269797"},{"taxonomy":"product_cat","embeddable":true,"href":"https:\/\/lode.lv\/lt\/wp-json\/wp\/v2\/product_cat?post=269797"},{"taxonomy":"product_tag","embeddable":true,"href":"https:\/\/lode.lv\/lt\/wp-json\/wp\/v2\/product_tag?post=269797"}],"curies":[{"name":"wp","href":"https:\/\/api.w.org\/{rel}","templated":true}]}}