{"id":269792,"date":"2025-03-24T03:45:09","date_gmt":"2025-03-24T03:45:09","guid":{"rendered":"http:\/\/lode2025.local\/product\/sahara-wf\/"},"modified":"2025-05-07T04:00:18","modified_gmt":"2025-05-07T04:00:18","slug":"sahara-wf","status":"publish","type":"product","link":"https:\/\/lode.lv\/lt\/shop\/del-fasado\/perforuotos-apdailos-plytos\/sahara-wf\/","title":{"rendered":"SAHARA RETRO"},"content":{"rendered":"<p>SAHARA stebina \u0161ilt\u0173 geltonai rud\u0173 ton\u0173 harmonija, kuri primena saul\u0117s ap\u0161viest\u0105 sm\u0117l\u012f. Jo \u0161velniai banguotas pavir\u0161ius suteikia fasadui tvarkingo i\u0161vaizdos, o nat\u016bralus spalv\u0173 \u017eaismas &#8211; gyvybing\u0105 charakter\u012f. Puikiai tinka fasadams, kuriuose reikia pabr\u0117\u017eti \u0161ilum\u0105 ir nat\u016bralum\u0105, SAHARA plyta sukuria jaukumo jausm\u0105 ir harmoningai \u012fsilieja \u012f tiek miesto, tiek kaimo kra\u0161tovaizd\u012f.<\/p>\n","protected":false},"excerpt":{"rendered":"<p>Perforuota plyta<\/p>\n","protected":false},"featured_media":272715,"template":"","meta":{"_acf_changed":false},"product_brand":[90],"product_cat":[583],"product_tag":[],"class_list":{"0":"post-269792","1":"product","2":"type-product","3":"status-publish","4":"has-post-thumbnail","6":"product_brand-lode","7":"product_cat-perforuotos-apdailos-plytos","9":"first","10":"instock","11":"purchasable","12":"product-type-simple"},"acf":[],"_links":{"self":[{"href":"https:\/\/lode.lv\/lt\/wp-json\/wp\/v2\/product\/269792","targetHints":{"allow":["GET"]}}],"collection":[{"href":"https:\/\/lode.lv\/lt\/wp-json\/wp\/v2\/product"}],"about":[{"href":"https:\/\/lode.lv\/lt\/wp-json\/wp\/v2\/types\/product"}],"wp:featuredmedia":[{"embeddable":true,"href":"https:\/\/lode.lv\/lt\/wp-json\/wp\/v2\/media\/272715"}],"wp:attachment":[{"href":"https:\/\/lode.lv\/lt\/wp-json\/wp\/v2\/media?parent=269792"}],"wp:term":[{"taxonomy":"product_brand","embeddable":true,"href":"https:\/\/lode.lv\/lt\/wp-json\/wp\/v2\/product_brand?post=269792"},{"taxonomy":"product_cat","embeddable":true,"href":"https:\/\/lode.lv\/lt\/wp-json\/wp\/v2\/product_cat?post=269792"},{"taxonomy":"product_tag","embeddable":true,"href":"https:\/\/lode.lv\/lt\/wp-json\/wp\/v2\/product_tag?post=269792"}],"curies":[{"name":"wp","href":"https:\/\/api.w.org\/{rel}","templated":true}]}}