{"id":269790,"date":"2025-03-24T03:45:09","date_gmt":"2025-03-24T03:45:09","guid":{"rendered":"http:\/\/lode2025.local\/product\/sahara-2\/"},"modified":"2025-05-07T04:00:20","modified_gmt":"2025-05-07T04:00:20","slug":"sahara-2","status":"publish","type":"product","link":"https:\/\/lode.lv\/lt\/shop\/del-fasado\/perforuotos-apdailos-plytos\/sahara-2\/","title":{"rendered":"SACHARA"},"content":{"rendered":"<p>SAHARA \u017eavi \u0161ilt\u0173 geltonai rud\u0173 atspalvi\u0173, primenan\u010di\u0173 saul\u0117s ap\u0161viest\u0105 sm\u0117l\u012f, harmonija. Jos lygus pavir\u0161ius suteikia fasadui tvarking\u0105 i\u0161vaizd\u0105, o nat\u016bralus spalv\u0173 \u017eaismas suteikia jam gyvybingumo. Idealiai tinka fasadams, kuriuose reikia pabr\u0117\u017eti \u0161ilum\u0105 ir nat\u016bralum\u0105, SAHARA plytos sukuria jaukumo jausm\u0105 ir harmoningai \u012fsilieja tiek \u012f miesto, tiek \u012f kaimo kra\u0161tovaizd\u012f.<\/p>\n","protected":false},"excerpt":{"rendered":"<p>Perforuota plyta<\/p>\n","protected":false},"featured_media":272715,"template":"","meta":{"_acf_changed":false},"product_brand":[90],"product_cat":[583],"product_tag":[],"class_list":{"0":"post-269790","1":"product","2":"type-product","3":"status-publish","4":"has-post-thumbnail","6":"product_brand-lode","7":"product_cat-perforuotos-apdailos-plytos","9":"first","10":"instock","11":"purchasable","12":"product-type-simple"},"acf":[],"_links":{"self":[{"href":"https:\/\/lode.lv\/lt\/wp-json\/wp\/v2\/product\/269790","targetHints":{"allow":["GET"]}}],"collection":[{"href":"https:\/\/lode.lv\/lt\/wp-json\/wp\/v2\/product"}],"about":[{"href":"https:\/\/lode.lv\/lt\/wp-json\/wp\/v2\/types\/product"}],"wp:featuredmedia":[{"embeddable":true,"href":"https:\/\/lode.lv\/lt\/wp-json\/wp\/v2\/media\/272715"}],"wp:attachment":[{"href":"https:\/\/lode.lv\/lt\/wp-json\/wp\/v2\/media?parent=269790"}],"wp:term":[{"taxonomy":"product_brand","embeddable":true,"href":"https:\/\/lode.lv\/lt\/wp-json\/wp\/v2\/product_brand?post=269790"},{"taxonomy":"product_cat","embeddable":true,"href":"https:\/\/lode.lv\/lt\/wp-json\/wp\/v2\/product_cat?post=269790"},{"taxonomy":"product_tag","embeddable":true,"href":"https:\/\/lode.lv\/lt\/wp-json\/wp\/v2\/product_tag?post=269790"}],"curies":[{"name":"wp","href":"https:\/\/api.w.org\/{rel}","templated":true}]}}