{"id":269777,"date":"2025-03-24T03:45:09","date_gmt":"2025-03-24T03:45:09","guid":{"rendered":"http:\/\/lode2025.local\/product\/saturn-wf\/"},"modified":"2025-05-07T04:00:18","modified_gmt":"2025-05-07T04:00:18","slug":"saturn-wf","status":"publish","type":"product","link":"https:\/\/lode.lv\/lt\/shop\/del-fasado\/perforuotos-apdailos-plytos\/saturn-wf\/","title":{"rendered":"SATURN Novo"},"content":{"rendered":"<p>SATURN NOVO apdailos plyta stebina savo unikalia tekst\u016bra &#8211; vertikal\u016bs dry\u017eiai ir grubumas, primenantys med\u017eio \u017eiev\u0117s \u012fspaudus. Nat\u016brali pilka spalva ir netipi\u0161kas pavir\u0161ius suteikia pastatui charakterio bei vizualinio gylio, tod\u0117l \u0161i plyta ypa\u010d tinka architekt\u016brai, kur siekiama harmoningos pusiausvyros tarp gamtos \u012fkv\u0117ptos estetikos ir modernaus dizaino. SATURN NOVO yra ilgaam\u017eis ir vizualiai \u012fsp\u016bdingas sprendimas tiek miesto aplinkai, tiek ramesniems kra\u0161tovaizd\u017eio projektams.<\/p>\n","protected":false},"excerpt":{"rendered":"<p>Perforuota plyta<\/p>\n","protected":false},"featured_media":272843,"template":"","meta":{"_acf_changed":false},"product_brand":[90],"product_cat":[583],"product_tag":[],"class_list":{"0":"post-269777","1":"product","2":"type-product","3":"status-publish","4":"has-post-thumbnail","6":"product_brand-lode","7":"product_cat-perforuotos-apdailos-plytos","9":"first","10":"instock","11":"purchasable","12":"product-type-simple"},"acf":[],"_links":{"self":[{"href":"https:\/\/lode.lv\/lt\/wp-json\/wp\/v2\/product\/269777","targetHints":{"allow":["GET"]}}],"collection":[{"href":"https:\/\/lode.lv\/lt\/wp-json\/wp\/v2\/product"}],"about":[{"href":"https:\/\/lode.lv\/lt\/wp-json\/wp\/v2\/types\/product"}],"wp:featuredmedia":[{"embeddable":true,"href":"https:\/\/lode.lv\/lt\/wp-json\/wp\/v2\/media\/272843"}],"wp:attachment":[{"href":"https:\/\/lode.lv\/lt\/wp-json\/wp\/v2\/media?parent=269777"}],"wp:term":[{"taxonomy":"product_brand","embeddable":true,"href":"https:\/\/lode.lv\/lt\/wp-json\/wp\/v2\/product_brand?post=269777"},{"taxonomy":"product_cat","embeddable":true,"href":"https:\/\/lode.lv\/lt\/wp-json\/wp\/v2\/product_cat?post=269777"},{"taxonomy":"product_tag","embeddable":true,"href":"https:\/\/lode.lv\/lt\/wp-json\/wp\/v2\/product_tag?post=269777"}],"curies":[{"name":"wp","href":"https:\/\/api.w.org\/{rel}","templated":true}]}}