{"id":269771,"date":"2025-03-24T03:45:15","date_gmt":"2025-03-24T03:45:15","guid":{"rendered":"http:\/\/lode2025.local\/product\/sotis-2\/"},"modified":"2025-05-07T04:00:17","modified_gmt":"2025-05-07T04:00:17","slug":"sotis-2","status":"publish","type":"product","link":"https:\/\/lode.lv\/lt\/shop\/del-fasado\/perforuotos-apdailos-plytos\/sotis-2\/","title":{"rendered":"SOTIS"},"content":{"rendered":"<p>SOTIS yra subtilus pilkai m\u0117lynas atspalvis, suteikiantis fasadui i\u0161skirtin\u0119 ir rafinuot\u0105 i\u0161vaizd\u0105. Jo lygus pavir\u0161ius suteikia eleganti\u0161k\u0105 ir moderni\u0105 apdail\u0105, kuri sukuria minimalistin\u012f ir architekt\u016bri\u0161kai tvarking\u0105 efekt\u0105. Puikiai tinka fasadams ir interjerams, kuriems reikia ne\u012fprasto, bet vizualiai subalansuoto akcento.  <\/p>\n","protected":false},"excerpt":{"rendered":"<p>Perforuota plyta<\/p>\n","protected":false},"featured_media":272731,"template":"","meta":{"_acf_changed":false},"product_brand":[90],"product_cat":[583],"product_tag":[],"class_list":{"0":"post-269771","1":"product","2":"type-product","3":"status-publish","4":"has-post-thumbnail","6":"product_brand-lode","7":"product_cat-perforuotos-apdailos-plytos","9":"first","10":"instock","11":"purchasable","12":"product-type-variable"},"acf":[],"_links":{"self":[{"href":"https:\/\/lode.lv\/lt\/wp-json\/wp\/v2\/product\/269771","targetHints":{"allow":["GET"]}}],"collection":[{"href":"https:\/\/lode.lv\/lt\/wp-json\/wp\/v2\/product"}],"about":[{"href":"https:\/\/lode.lv\/lt\/wp-json\/wp\/v2\/types\/product"}],"wp:featuredmedia":[{"embeddable":true,"href":"https:\/\/lode.lv\/lt\/wp-json\/wp\/v2\/media\/272731"}],"wp:attachment":[{"href":"https:\/\/lode.lv\/lt\/wp-json\/wp\/v2\/media?parent=269771"}],"wp:term":[{"taxonomy":"product_brand","embeddable":true,"href":"https:\/\/lode.lv\/lt\/wp-json\/wp\/v2\/product_brand?post=269771"},{"taxonomy":"product_cat","embeddable":true,"href":"https:\/\/lode.lv\/lt\/wp-json\/wp\/v2\/product_cat?post=269771"},{"taxonomy":"product_tag","embeddable":true,"href":"https:\/\/lode.lv\/lt\/wp-json\/wp\/v2\/product_tag?post=269771"}],"curies":[{"name":"wp","href":"https:\/\/api.w.org\/{rel}","templated":true}]}}