{"id":269770,"date":"2025-03-24T03:45:09","date_gmt":"2025-03-24T03:45:09","guid":{"rendered":"http:\/\/lode2025.local\/product\/skarbais-janka-2\/"},"modified":"2025-05-07T04:00:17","modified_gmt":"2025-05-07T04:00:17","slug":"skarbais-janka-2","status":"publish","type":"product","link":"https:\/\/lode.lv\/lt\/shop\/del-fasado\/perforuotos-apdailos-plytos\/skarbais-janka-2\/","title":{"rendered":"SKARBAIS JANKA"},"content":{"rendered":"<p>\u0160i plyta i\u0161siskiria savo i\u0161skirtiniu reljefu, kuris fasadams suteikia \u012fsp\u016bding\u0105 i\u0161vaizd\u0105. Jos tekst\u016bra ir sodriai raudona spalva sukuria unikal\u0173 vizualin\u012f efekt\u0105, harmoningai \u012fsiliejant\u012f tiek \u012f klasikin\u0119-istorin\u0119, tiek \u012f pramonin\u0119-\u0161iuolaikin\u0119 miesto aplink\u0105. SKARBAIS JANKA ypa\u010d tinka pastatams, kuriuose b\u016btina i\u0161ry\u0161kinti architekt\u016brines detales ir sukurti tvar\u0173, esteti\u0161k\u0105 fasad\u0105.<\/p>\n","protected":false},"excerpt":{"rendered":"<p>Perforuota plyta<\/p>\n","protected":false},"featured_media":272727,"template":"","meta":{"_acf_changed":false},"product_brand":[90],"product_cat":[583],"product_tag":[],"class_list":{"0":"post-269770","1":"product","2":"type-product","3":"status-publish","4":"has-post-thumbnail","6":"product_brand-lode","7":"product_cat-perforuotos-apdailos-plytos","9":"first","10":"instock","11":"purchasable","12":"product-type-simple"},"acf":[],"_links":{"self":[{"href":"https:\/\/lode.lv\/lt\/wp-json\/wp\/v2\/product\/269770","targetHints":{"allow":["GET"]}}],"collection":[{"href":"https:\/\/lode.lv\/lt\/wp-json\/wp\/v2\/product"}],"about":[{"href":"https:\/\/lode.lv\/lt\/wp-json\/wp\/v2\/types\/product"}],"wp:featuredmedia":[{"embeddable":true,"href":"https:\/\/lode.lv\/lt\/wp-json\/wp\/v2\/media\/272727"}],"wp:attachment":[{"href":"https:\/\/lode.lv\/lt\/wp-json\/wp\/v2\/media?parent=269770"}],"wp:term":[{"taxonomy":"product_brand","embeddable":true,"href":"https:\/\/lode.lv\/lt\/wp-json\/wp\/v2\/product_brand?post=269770"},{"taxonomy":"product_cat","embeddable":true,"href":"https:\/\/lode.lv\/lt\/wp-json\/wp\/v2\/product_cat?post=269770"},{"taxonomy":"product_tag","embeddable":true,"href":"https:\/\/lode.lv\/lt\/wp-json\/wp\/v2\/product_tag?post=269770"}],"curies":[{"name":"wp","href":"https:\/\/api.w.org\/{rel}","templated":true}]}}