{"id":269766,"date":"2025-03-24T03:45:15","date_gmt":"2025-03-24T03:45:15","guid":{"rendered":"http:\/\/lode2025.local\/product\/sirija\/"},"modified":"2025-05-07T04:00:16","modified_gmt":"2025-05-07T04:00:16","slug":"sirija","status":"publish","type":"product","link":"https:\/\/lode.lv\/lt\/shop\/del-fasado\/perforuotos-apdailos-plytos\/sirija\/","title":{"rendered":"SYRIUSZ"},"content":{"rendered":"<p>Su \u0161iltu pilk\u0173 debes\u0173 atspalviu, \u0161i plyta sukuria fasado akcent\u0105, kuris vienu metu ramina ir suteikia pasitik\u0117jimo. Lygus SYRIUSZ pavir\u0161ius atspindi \u0161vies\u0105, sukeldamas niuansuot\u0105 \u0161e\u0161\u0117li\u0173 \u017eaism\u0105, kuris prideda dinami\u0161kumo ir gylio fasadui. Ypa\u010d tinkama \u0161iuolaikinei architekt\u016brai ir skoningai dera su pramoniniu dizainu, kad sukurt\u0173 moderni\u0105 ir tvari\u0105 fasado apdail\u0105, atspari\u0105 or\u0173 ir aplinkos poveikiams.<\/p>\n","protected":false},"excerpt":{"rendered":"<p>Perforuota plyta<\/p>\n","protected":false},"featured_media":272915,"template":"","meta":{"_acf_changed":false},"product_brand":[90],"product_cat":[583],"product_tag":[],"class_list":{"0":"post-269766","1":"product","2":"type-product","3":"status-publish","4":"has-post-thumbnail","6":"product_brand-lode","7":"product_cat-perforuotos-apdailos-plytos","9":"first","10":"instock","11":"purchasable","12":"product-type-variable"},"acf":[],"_links":{"self":[{"href":"https:\/\/lode.lv\/lt\/wp-json\/wp\/v2\/product\/269766","targetHints":{"allow":["GET"]}}],"collection":[{"href":"https:\/\/lode.lv\/lt\/wp-json\/wp\/v2\/product"}],"about":[{"href":"https:\/\/lode.lv\/lt\/wp-json\/wp\/v2\/types\/product"}],"wp:featuredmedia":[{"embeddable":true,"href":"https:\/\/lode.lv\/lt\/wp-json\/wp\/v2\/media\/272915"}],"wp:attachment":[{"href":"https:\/\/lode.lv\/lt\/wp-json\/wp\/v2\/media?parent=269766"}],"wp:term":[{"taxonomy":"product_brand","embeddable":true,"href":"https:\/\/lode.lv\/lt\/wp-json\/wp\/v2\/product_brand?post=269766"},{"taxonomy":"product_cat","embeddable":true,"href":"https:\/\/lode.lv\/lt\/wp-json\/wp\/v2\/product_cat?post=269766"},{"taxonomy":"product_tag","embeddable":true,"href":"https:\/\/lode.lv\/lt\/wp-json\/wp\/v2\/product_tag?post=269766"}],"curies":[{"name":"wp","href":"https:\/\/api.w.org\/{rel}","templated":true}]}}