{"id":269751,"date":"2025-03-24T03:45:15","date_gmt":"2025-03-24T03:45:15","guid":{"rendered":"http:\/\/lode2025.local\/product\/wenus\/"},"modified":"2025-05-07T04:00:16","modified_gmt":"2025-05-07T04:00:16","slug":"wenus","status":"publish","type":"product","link":"https:\/\/lode.lv\/lt\/shop\/del-fasado\/perforuotos-apdailos-plytos\/wenus\/","title":{"rendered":"WENUS"},"content":{"rendered":"<p>Baltos spalvos plyta lygiu pavir\u0161iumi sukuria modern\u0173 ir eleganti\u0161k\u0105 fasado sprendim\u0105. Neutralus, ta\u010diau i\u0161rai\u0161kingas atspalvis suteikia daugyb\u0119 galimybi\u0173 j\u0105 derinti su \u012fvairiomis med\u017eiagomis &#8211; nuo stiklo ir metalo iki akmens. D\u0117l didelio patvarumo WENUS yra idealus sprendimas \u0161iuolaikiniams fasadams, kuriuose norima derinti funkcionalum\u0105 su estetiniu minimalizmu.   <\/p>\n","protected":false},"excerpt":{"rendered":"<p>Perforuota plyta<\/p>\n","protected":false},"featured_media":272903,"template":"","meta":{"_acf_changed":false},"product_brand":[90],"product_cat":[583],"product_tag":[],"class_list":{"0":"post-269751","1":"product","2":"type-product","3":"status-publish","4":"has-post-thumbnail","6":"product_brand-lode","7":"product_cat-perforuotos-apdailos-plytos","9":"first","10":"instock","11":"purchasable","12":"product-type-variable"},"acf":[],"_links":{"self":[{"href":"https:\/\/lode.lv\/lt\/wp-json\/wp\/v2\/product\/269751","targetHints":{"allow":["GET"]}}],"collection":[{"href":"https:\/\/lode.lv\/lt\/wp-json\/wp\/v2\/product"}],"about":[{"href":"https:\/\/lode.lv\/lt\/wp-json\/wp\/v2\/types\/product"}],"wp:featuredmedia":[{"embeddable":true,"href":"https:\/\/lode.lv\/lt\/wp-json\/wp\/v2\/media\/272903"}],"wp:attachment":[{"href":"https:\/\/lode.lv\/lt\/wp-json\/wp\/v2\/media?parent=269751"}],"wp:term":[{"taxonomy":"product_brand","embeddable":true,"href":"https:\/\/lode.lv\/lt\/wp-json\/wp\/v2\/product_brand?post=269751"},{"taxonomy":"product_cat","embeddable":true,"href":"https:\/\/lode.lv\/lt\/wp-json\/wp\/v2\/product_cat?post=269751"},{"taxonomy":"product_tag","embeddable":true,"href":"https:\/\/lode.lv\/lt\/wp-json\/wp\/v2\/product_tag?post=269751"}],"curies":[{"name":"wp","href":"https:\/\/api.w.org\/{rel}","templated":true}]}}