{"id":269737,"date":"2026-01-01T03:46:41","date_gmt":"2026-01-01T03:46:41","guid":{"rendered":"http:\/\/lode2025.local\/product\/antica\/"},"modified":"2025-05-07T04:00:16","modified_gmt":"2025-05-07T04:00:16","slug":"antica","status":"publish","type":"product","link":"https:\/\/lode.lv\/lt\/shop\/del-fasado\/perforuotos-apdailos-plytos\/antica\/","title":{"rendered":"ANTIKA"},"content":{"rendered":"<p>Plyta yra \u0161iltos raudonai rudos spalvos su kruop\u0161\u010diai suformuota tekst\u016bra, kuri sukuria nepriekai\u0161ting\u0105 ir laiko nublukint\u0105 efekt\u0105. Jos nat\u016brali spalv\u0173 \u012fvairov\u0117 ir \u0161iek tiek nusid\u0117v\u0117jusi i\u0161vaizda suteikia pastatui romanti\u0161k\u0105 ir nostalgi\u0161k\u0105 atmosfer\u0105. Puikiai tinka istorini\u0173 pastat\u0173 atk\u016brimui arba projektams, kurie nori derinti senov\u0117s \u017eaves\u012f su \u0161iuolaikin\u0117s architekt\u016bros bruo\u017eais.<\/p>\n","protected":false},"excerpt":{"rendered":"<p>Perforuota plyta<\/p>\n","protected":false},"featured_media":273904,"template":"","meta":{"_acf_changed":false},"product_brand":[103],"product_cat":[583],"product_tag":[],"class_list":{"0":"post-269737","1":"product","2":"type-product","3":"status-publish","4":"has-post-thumbnail","6":"product_brand-patoka","7":"product_cat-perforuotos-apdailos-plytos","9":"first","10":"instock","11":"purchasable","12":"product-type-simple"},"acf":[],"_links":{"self":[{"href":"https:\/\/lode.lv\/lt\/wp-json\/wp\/v2\/product\/269737","targetHints":{"allow":["GET"]}}],"collection":[{"href":"https:\/\/lode.lv\/lt\/wp-json\/wp\/v2\/product"}],"about":[{"href":"https:\/\/lode.lv\/lt\/wp-json\/wp\/v2\/types\/product"}],"wp:featuredmedia":[{"embeddable":true,"href":"https:\/\/lode.lv\/lt\/wp-json\/wp\/v2\/media\/273904"}],"wp:attachment":[{"href":"https:\/\/lode.lv\/lt\/wp-json\/wp\/v2\/media?parent=269737"}],"wp:term":[{"taxonomy":"product_brand","embeddable":true,"href":"https:\/\/lode.lv\/lt\/wp-json\/wp\/v2\/product_brand?post=269737"},{"taxonomy":"product_cat","embeddable":true,"href":"https:\/\/lode.lv\/lt\/wp-json\/wp\/v2\/product_cat?post=269737"},{"taxonomy":"product_tag","embeddable":true,"href":"https:\/\/lode.lv\/lt\/wp-json\/wp\/v2\/product_tag?post=269737"}],"curies":[{"name":"wp","href":"https:\/\/api.w.org\/{rel}","templated":true}]}}