{"id":269732,"date":"2026-01-01T03:46:41","date_gmt":"2026-01-01T03:46:41","guid":{"rendered":"http:\/\/lode2025.local\/product\/gotika\/"},"modified":"2025-05-07T04:00:15","modified_gmt":"2025-05-07T04:00:15","slug":"gotika","status":"publish","type":"product","link":"https:\/\/lode.lv\/lt\/shop\/del-fasado\/perforuotos-apdailos-plytos\/gotika\/","title":{"rendered":"GOTIKA"},"content":{"rendered":"<p>GOTIKA yra giliai raudonos spalvos su stipriu reljefu, kuris suteikia fasadui dramati\u0161k\u0105, bet rafinuot\u0105 charakter\u012f. D\u0117l savo tvirto pavir\u0161iaus plyta tinka architekt\u016briniams projektams, norintiems pabr\u0117\u017eti fasado individualum\u0105 ir gilum\u0105. GOTIKA padeda sukurti stipr\u0173 ir autenti\u0161k\u0105 vizualin\u012f efekt\u0105.<\/p>\n","protected":false},"excerpt":{"rendered":"<p>Perforuota plyta<\/p>\n","protected":false},"featured_media":273899,"template":"","meta":{"_acf_changed":false},"product_brand":[103],"product_cat":[583],"product_tag":[],"class_list":{"0":"post-269732","1":"product","2":"type-product","3":"status-publish","4":"has-post-thumbnail","6":"product_brand-patoka","7":"product_cat-perforuotos-apdailos-plytos","9":"first","10":"instock","11":"purchasable","12":"product-type-simple"},"acf":[],"_links":{"self":[{"href":"https:\/\/lode.lv\/lt\/wp-json\/wp\/v2\/product\/269732","targetHints":{"allow":["GET"]}}],"collection":[{"href":"https:\/\/lode.lv\/lt\/wp-json\/wp\/v2\/product"}],"about":[{"href":"https:\/\/lode.lv\/lt\/wp-json\/wp\/v2\/types\/product"}],"wp:featuredmedia":[{"embeddable":true,"href":"https:\/\/lode.lv\/lt\/wp-json\/wp\/v2\/media\/273899"}],"wp:attachment":[{"href":"https:\/\/lode.lv\/lt\/wp-json\/wp\/v2\/media?parent=269732"}],"wp:term":[{"taxonomy":"product_brand","embeddable":true,"href":"https:\/\/lode.lv\/lt\/wp-json\/wp\/v2\/product_brand?post=269732"},{"taxonomy":"product_cat","embeddable":true,"href":"https:\/\/lode.lv\/lt\/wp-json\/wp\/v2\/product_cat?post=269732"},{"taxonomy":"product_tag","embeddable":true,"href":"https:\/\/lode.lv\/lt\/wp-json\/wp\/v2\/product_tag?post=269732"}],"curies":[{"name":"wp","href":"https:\/\/api.w.org\/{rel}","templated":true}]}}