{"id":269730,"date":"2025-03-24T03:46:41","date_gmt":"2025-03-24T03:46:41","guid":{"rendered":"http:\/\/lode2025.local\/product\/classic-4\/"},"modified":"2025-05-07T04:00:15","modified_gmt":"2025-05-07T04:00:15","slug":"classic-4","status":"publish","type":"product","link":"https:\/\/lode.lv\/lt\/shop\/del-fasado\/perforuotos-apdailos-plytos\/classic-4\/","title":{"rendered":"CLASSIC"},"content":{"rendered":"<p>CLASSIC pasi\u017eymi sodriu raudonai rudu tonu, suskilusiais kra\u0161tais ir subtiliais tekst\u016briniais niuansais, suteikian\u010diais pastatui autenti\u0161k\u0105 charakter\u012f. Plyta puikiai tinka istorini\u0173 pastat\u0173 renovacijai, klasikiniu poj\u016b\u010diu pasi\u017eymin\u010di\u0173 nauj\u0173 pastat\u0173 fasadams ir interjerams. Tvirta strukt\u016bra ir atsparumas aplinkos veiksniams u\u017etikrina ilgaam\u017ei\u0161kum\u0105 ir auk\u0161t\u0105 kokyb\u0119 i\u0161 kartos \u012f kart\u0105.<\/p>\n","protected":false},"excerpt":{"rendered":"<p>Perforuota plyta<\/p>\n","protected":false},"featured_media":273894,"template":"","meta":{"_acf_changed":false},"product_brand":[103],"product_cat":[583],"product_tag":[],"class_list":{"0":"post-269730","1":"product","2":"type-product","3":"status-publish","4":"has-post-thumbnail","6":"product_brand-patoka","7":"product_cat-perforuotos-apdailos-plytos","9":"first","10":"instock","11":"purchasable","12":"product-type-simple"},"acf":[],"_links":{"self":[{"href":"https:\/\/lode.lv\/lt\/wp-json\/wp\/v2\/product\/269730","targetHints":{"allow":["GET"]}}],"collection":[{"href":"https:\/\/lode.lv\/lt\/wp-json\/wp\/v2\/product"}],"about":[{"href":"https:\/\/lode.lv\/lt\/wp-json\/wp\/v2\/types\/product"}],"wp:featuredmedia":[{"embeddable":true,"href":"https:\/\/lode.lv\/lt\/wp-json\/wp\/v2\/media\/273894"}],"wp:attachment":[{"href":"https:\/\/lode.lv\/lt\/wp-json\/wp\/v2\/media?parent=269730"}],"wp:term":[{"taxonomy":"product_brand","embeddable":true,"href":"https:\/\/lode.lv\/lt\/wp-json\/wp\/v2\/product_brand?post=269730"},{"taxonomy":"product_cat","embeddable":true,"href":"https:\/\/lode.lv\/lt\/wp-json\/wp\/v2\/product_cat?post=269730"},{"taxonomy":"product_tag","embeddable":true,"href":"https:\/\/lode.lv\/lt\/wp-json\/wp\/v2\/product_tag?post=269730"}],"curies":[{"name":"wp","href":"https:\/\/api.w.org\/{rel}","templated":true}]}}