{"id":269723,"date":"2025-03-24T03:46:41","date_gmt":"2025-03-24T03:46:41","guid":{"rendered":"http:\/\/lode2025.local\/product\/rustics\/"},"modified":"2025-05-07T04:00:15","modified_gmt":"2025-05-07T04:00:15","slug":"rustics","status":"publish","type":"product","link":"https:\/\/lode.lv\/lt\/shop\/del-fasado\/perforuotos-apdailos-plytos\/rustics\/","title":{"rendered":"RUSTIKA"},"content":{"rendered":"<p>RUSTIKA atskleid\u017eia dramati\u0161kus raudonos ir tamsiai rudos spalvos atspalvius. Jos tvirtas, subrai\u017eytas pavir\u0161ius suteikia sienai i\u0161skirtin\u0119 tekst\u016br\u0105 ir sukuria senov\u0117s efekt\u0105, primenant\u012f senovinius pastatus ir laiko patikrintas vertybes. Ypa\u010d tinka pastatams, kuriems reikia patvaraus, ta\u010diau vizualiai turtingo fasado.<\/p>\n","protected":false},"excerpt":{"rendered":"<p>Perforuota plyta<\/p>\n","protected":false},"featured_media":273919,"template":"","meta":{"_acf_changed":false},"product_brand":[103],"product_cat":[583],"product_tag":[],"class_list":{"0":"post-269723","1":"product","2":"type-product","3":"status-publish","4":"has-post-thumbnail","6":"product_brand-patoka","7":"product_cat-perforuotos-apdailos-plytos","9":"first","10":"instock","11":"purchasable","12":"product-type-simple"},"acf":[],"_links":{"self":[{"href":"https:\/\/lode.lv\/lt\/wp-json\/wp\/v2\/product\/269723","targetHints":{"allow":["GET"]}}],"collection":[{"href":"https:\/\/lode.lv\/lt\/wp-json\/wp\/v2\/product"}],"about":[{"href":"https:\/\/lode.lv\/lt\/wp-json\/wp\/v2\/types\/product"}],"wp:featuredmedia":[{"embeddable":true,"href":"https:\/\/lode.lv\/lt\/wp-json\/wp\/v2\/media\/273919"}],"wp:attachment":[{"href":"https:\/\/lode.lv\/lt\/wp-json\/wp\/v2\/media?parent=269723"}],"wp:term":[{"taxonomy":"product_brand","embeddable":true,"href":"https:\/\/lode.lv\/lt\/wp-json\/wp\/v2\/product_brand?post=269723"},{"taxonomy":"product_cat","embeddable":true,"href":"https:\/\/lode.lv\/lt\/wp-json\/wp\/v2\/product_cat?post=269723"},{"taxonomy":"product_tag","embeddable":true,"href":"https:\/\/lode.lv\/lt\/wp-json\/wp\/v2\/product_tag?post=269723"}],"curies":[{"name":"wp","href":"https:\/\/api.w.org\/{rel}","templated":true}]}}