{"id":269704,"date":"2025-03-16T21:59:48","date_gmt":"2025-03-16T21:59:48","guid":{"rendered":"http:\/\/lode2025.local\/product\/luna\/"},"modified":"2025-05-06T09:03:26","modified_gmt":"2025-05-06T09:03:26","slug":"luna","status":"publish","type":"product","link":"https:\/\/lode.lv\/lt\/shop\/del-fasado\/visas-plytas\/luna\/","title":{"rendered":"LUNA"},"content":{"rendered":"<p>Raudon\u0173-violetini\u0173 atspalvi\u0173 plytos fasadui suteikia subalansuot\u0105 ir rami\u0105 i\u0161vaizd\u0105. Glotnus pavir\u0161ius ir \u0161ilta spalv\u0173 palet\u0117 daro j\u0105 idealiu pasirinkimu tiek \u0161iuolaikiniams, tiek istoriniams pastatams, kur reikia harmoningos ir eleganti\u0161kos apdailos. LUNA plyta garantuoja ilgalaik\u012f patvarum\u0105 ir spalv\u0173 i\u0161silaikym\u0105, i\u0161saugodama savo estetin\u0119 vert\u0119 b\u0117gant laikui. Tvirta nat\u016bralaus molio apdailos plyta taip pat tinka krosni\u0173 ir kamin\u0173 apdailai, taip pat saunoms ir stogo elementams.<\/p>\n","protected":false},"excerpt":{"rendered":"<p>Pilnavidur\u0117 plyta<\/p>\n","protected":false},"featured_media":272711,"template":"","meta":{"_acf_changed":false},"product_brand":[90],"product_cat":[462,464],"product_tag":[],"class_list":{"0":"post-269704","1":"product","2":"type-product","3":"status-publish","4":"has-post-thumbnail","6":"product_brand-lode","7":"product_cat-dumtraukiams-krosnims","8":"product_cat-visas-plytas","10":"first","11":"instock","12":"purchasable","13":"product-type-simple"},"acf":[],"_links":{"self":[{"href":"https:\/\/lode.lv\/lt\/wp-json\/wp\/v2\/product\/269704","targetHints":{"allow":["GET"]}}],"collection":[{"href":"https:\/\/lode.lv\/lt\/wp-json\/wp\/v2\/product"}],"about":[{"href":"https:\/\/lode.lv\/lt\/wp-json\/wp\/v2\/types\/product"}],"wp:featuredmedia":[{"embeddable":true,"href":"https:\/\/lode.lv\/lt\/wp-json\/wp\/v2\/media\/272711"}],"wp:attachment":[{"href":"https:\/\/lode.lv\/lt\/wp-json\/wp\/v2\/media?parent=269704"}],"wp:term":[{"taxonomy":"product_brand","embeddable":true,"href":"https:\/\/lode.lv\/lt\/wp-json\/wp\/v2\/product_brand?post=269704"},{"taxonomy":"product_cat","embeddable":true,"href":"https:\/\/lode.lv\/lt\/wp-json\/wp\/v2\/product_cat?post=269704"},{"taxonomy":"product_tag","embeddable":true,"href":"https:\/\/lode.lv\/lt\/wp-json\/wp\/v2\/product_tag?post=269704"}],"curies":[{"name":"wp","href":"https:\/\/api.w.org\/{rel}","templated":true}]}}