{"id":269689,"date":"2025-03-16T21:59:48","date_gmt":"2025-03-16T21:59:48","guid":{"rendered":"http:\/\/lode2025.local\/product\/sencis-ranku-darbo\/"},"modified":"2025-05-06T09:03:25","modified_gmt":"2025-05-06T09:03:25","slug":"sencis-ranku-darbo","status":"publish","type":"product","link":"https:\/\/lode.lv\/lt\/shop\/del-fasado\/visas-plytas\/sencis-ranku-darbo\/","title":{"rendered":"SENCIS"},"content":{"rendered":"<p>Tvirta raudona apdailos plyta su nat\u016braliu, nelygiu tekst\u016bruotu pavir\u0161iumi, pagaminta rankomis tradiciniais amatininko metodais. D\u0117l autenti\u0161kos i\u0161vaizdos ir ilgaam\u017ei\u0161kumo \u0161i plyta da\u017eniausiai naudojama restauruojant istorinius pastatus, tokius kaip pilys, vienuolynai, tiltai ir kiti paveldo objektai. SENCIS ne tik suteikia fasadams esteti\u0161k\u0105 ir tvarking\u0105 i\u0161vaizd\u0105, bet ir u\u017etikrina ilgaam\u017ei\u0161kum\u0105 be papildomo apdorojimo ar renovacijos.<\/p>\n","protected":false},"excerpt":{"rendered":"<p>Pilnavidur\u0117 plyta<\/p>\n","protected":false},"featured_media":271063,"template":"","meta":{"_acf_changed":false},"product_brand":[90],"product_cat":[464],"product_tag":[],"class_list":{"0":"post-269689","1":"product","2":"type-product","3":"status-publish","4":"has-post-thumbnail","6":"product_brand-lode","7":"product_cat-visas-plytas","9":"first","10":"instock","11":"purchasable","12":"product-type-variable","13":"has-default-attributes"},"acf":[],"_links":{"self":[{"href":"https:\/\/lode.lv\/lt\/wp-json\/wp\/v2\/product\/269689","targetHints":{"allow":["GET"]}}],"collection":[{"href":"https:\/\/lode.lv\/lt\/wp-json\/wp\/v2\/product"}],"about":[{"href":"https:\/\/lode.lv\/lt\/wp-json\/wp\/v2\/types\/product"}],"wp:featuredmedia":[{"embeddable":true,"href":"https:\/\/lode.lv\/lt\/wp-json\/wp\/v2\/media\/271063"}],"wp:attachment":[{"href":"https:\/\/lode.lv\/lt\/wp-json\/wp\/v2\/media?parent=269689"}],"wp:term":[{"taxonomy":"product_brand","embeddable":true,"href":"https:\/\/lode.lv\/lt\/wp-json\/wp\/v2\/product_brand?post=269689"},{"taxonomy":"product_cat","embeddable":true,"href":"https:\/\/lode.lv\/lt\/wp-json\/wp\/v2\/product_cat?post=269689"},{"taxonomy":"product_tag","embeddable":true,"href":"https:\/\/lode.lv\/lt\/wp-json\/wp\/v2\/product_tag?post=269689"}],"curies":[{"name":"wp","href":"https:\/\/api.w.org\/{rel}","templated":true}]}}