{"id":269686,"date":"2025-03-16T21:59:48","date_gmt":"2025-03-16T21:59:48","guid":{"rendered":"http:\/\/lode2025.local\/product\/sotis\/"},"modified":"2025-05-06T09:03:24","modified_gmt":"2025-05-06T09:03:24","slug":"sotis","status":"publish","type":"product","link":"https:\/\/lode.lv\/lt\/shop\/del-fasado\/visas-plytas\/sotis\/","title":{"rendered":"SOTIS"},"content":{"rendered":"<p>SOTIS yra subtilus pilk\u0161vai m\u0117lynas atspalvis, suteikiantis fasadui unikali\u0105 ir rafinuot\u0105 i\u0161vaizd\u0105. Jo glotnus pavir\u0161ius suteikia eleganti\u0161k\u0105 ir moderni\u0105 apdail\u0105, sukuriant\u012f minimalistin\u012f ir architekt\u016bri\u0161kai \u0161var\u0173 efekt\u0105. Puikiai tinka fasadams ir interjerams, kuriems reikia ne\u012fprasto, bet vizualiai harmoningai deran\u010dio akcento. SOTIS taip pat tinka krosni\u0173 ir kamin\u0173, taip pat pir\u010di\u0173 ir stogo element\u0173 apdailai.<\/p>\n","protected":false},"excerpt":{"rendered":"<p>Pilnavidur\u0117 plyta<\/p>\n","protected":false},"featured_media":272731,"template":"","meta":{"_acf_changed":false},"product_brand":[90],"product_cat":[462,464],"product_tag":[],"class_list":{"0":"post-269686","1":"product","2":"type-product","3":"status-publish","4":"has-post-thumbnail","6":"product_brand-lode","7":"product_cat-dumtraukiams-krosnims","8":"product_cat-visas-plytas","10":"first","11":"instock","12":"purchasable","13":"product-type-simple"},"acf":[],"_links":{"self":[{"href":"https:\/\/lode.lv\/lt\/wp-json\/wp\/v2\/product\/269686","targetHints":{"allow":["GET"]}}],"collection":[{"href":"https:\/\/lode.lv\/lt\/wp-json\/wp\/v2\/product"}],"about":[{"href":"https:\/\/lode.lv\/lt\/wp-json\/wp\/v2\/types\/product"}],"wp:featuredmedia":[{"embeddable":true,"href":"https:\/\/lode.lv\/lt\/wp-json\/wp\/v2\/media\/272731"}],"wp:attachment":[{"href":"https:\/\/lode.lv\/lt\/wp-json\/wp\/v2\/media?parent=269686"}],"wp:term":[{"taxonomy":"product_brand","embeddable":true,"href":"https:\/\/lode.lv\/lt\/wp-json\/wp\/v2\/product_brand?post=269686"},{"taxonomy":"product_cat","embeddable":true,"href":"https:\/\/lode.lv\/lt\/wp-json\/wp\/v2\/product_cat?post=269686"},{"taxonomy":"product_tag","embeddable":true,"href":"https:\/\/lode.lv\/lt\/wp-json\/wp\/v2\/product_tag?post=269686"}],"curies":[{"name":"wp","href":"https:\/\/api.w.org\/{rel}","templated":true}]}}