{"id":269684,"date":"2025-03-16T21:59:48","date_gmt":"2025-03-16T21:59:48","guid":{"rendered":"http:\/\/lode2025.local\/product\/skarbais-janka\/"},"modified":"2025-05-06T09:03:24","modified_gmt":"2025-05-06T09:03:24","slug":"skarbais-janka","status":"publish","type":"product","link":"https:\/\/lode.lv\/lt\/shop\/del-fasado\/visas-plytas\/skarbais-janka\/","title":{"rendered":"SKARBAIS JANKA"},"content":{"rendered":"<p>Plytos pasi\u017eymi ry\u0161kiu reljefu, suteikian\u010diu fasadams i\u0161rai\u0161king\u0105 i\u0161vaizd\u0105. Jos tekst\u016bra ir sodri raudona spalva sukuria unikal\u0173 vizualin\u012f efekt\u0105, kuris harmoningai \u012fsilieja tiek \u012f klasikin\u0119-istorin\u0119, tiek \u012f pramonin\u0119-\u0161iuolaikin\u0119 miesto aplink\u0105. SKARBAIS JANKA ypa\u010d tinka pastatams, kuri\u0173 dizainas reikalauja pabr\u0117\u017eti architekt\u016brines detales ir sukurti tvar\u0173, esteti\u0161kai patraukl\u0173 fasad\u0105. Nat\u016bralaus molio kieta apdailos plyta taip pat tinka krosni\u0173 ir d\u016bmtrauki\u0173 apdailai, taip pat pirtims ir stogo elementams.<\/p>\n","protected":false},"excerpt":{"rendered":"<p>Pilnavidur\u0117 plyta<\/p>\n","protected":false},"featured_media":272859,"template":"","meta":{"_acf_changed":false},"product_brand":[90],"product_cat":[462,464],"product_tag":[],"class_list":{"0":"post-269684","1":"product","2":"type-product","3":"status-publish","4":"has-post-thumbnail","6":"product_brand-lode","7":"product_cat-dumtraukiams-krosnims","8":"product_cat-visas-plytas","10":"first","11":"instock","12":"purchasable","13":"product-type-simple"},"acf":[],"_links":{"self":[{"href":"https:\/\/lode.lv\/lt\/wp-json\/wp\/v2\/product\/269684","targetHints":{"allow":["GET"]}}],"collection":[{"href":"https:\/\/lode.lv\/lt\/wp-json\/wp\/v2\/product"}],"about":[{"href":"https:\/\/lode.lv\/lt\/wp-json\/wp\/v2\/types\/product"}],"wp:featuredmedia":[{"embeddable":true,"href":"https:\/\/lode.lv\/lt\/wp-json\/wp\/v2\/media\/272859"}],"wp:attachment":[{"href":"https:\/\/lode.lv\/lt\/wp-json\/wp\/v2\/media?parent=269684"}],"wp:term":[{"taxonomy":"product_brand","embeddable":true,"href":"https:\/\/lode.lv\/lt\/wp-json\/wp\/v2\/product_brand?post=269684"},{"taxonomy":"product_cat","embeddable":true,"href":"https:\/\/lode.lv\/lt\/wp-json\/wp\/v2\/product_cat?post=269684"},{"taxonomy":"product_tag","embeddable":true,"href":"https:\/\/lode.lv\/lt\/wp-json\/wp\/v2\/product_tag?post=269684"}],"curies":[{"name":"wp","href":"https:\/\/api.w.org\/{rel}","templated":true}]}}