{"id":269671,"date":"2025-03-16T22:04:06","date_gmt":"2025-03-16T22:04:06","guid":{"rendered":"http:\/\/lode2025.local\/product\/vecais-janka\/"},"modified":"2025-05-06T09:03:23","modified_gmt":"2025-05-06T09:03:23","slug":"vecais-janka","status":"publish","type":"product","link":"https:\/\/lode.lv\/lt\/shop\/del-fasado\/visas-plytas\/vecais-janka\/","title":{"rendered":"VECAIS JANKA"},"content":{"rendered":"<p>Retro apdailos plyta i\u0161siskiria unikaliu molio raudonumo atspalviu. Jos pavir\u0161iui b\u016bdingi nelygumai ir subtil\u016bs tekst\u016bros niuansai, kurie suteikia fasadui subtilumo ir autenti\u0161kumo. VECAIS JANKA suteikia pastatams unikali\u0105 vizualin\u0119 i\u0161vaizd\u0105, i\u0161saugodama tradicines nat\u016bralaus molio vertybes ir patvarum\u0105. \u0160i pilnavidur\u0117 apdailos plyta, pagaminta i\u0161 nat\u016bralaus molio, taip pat tinka krosni\u0173 ir kamin\u0173 apdailai, taip pat pirtims ir stogo elementams.<\/p>\n","protected":false},"excerpt":{"rendered":"<p>Pilnavidur\u0117 plyta<\/p>\n","protected":false},"featured_media":271327,"template":"","meta":{"_acf_changed":false},"product_brand":[90],"product_cat":[462,464],"product_tag":[],"class_list":{"0":"post-269671","1":"product","2":"type-product","3":"status-publish","4":"has-post-thumbnail","6":"product_brand-lode","7":"product_cat-dumtraukiams-krosnims","8":"product_cat-visas-plytas","10":"first","11":"instock","12":"purchasable","13":"product-type-simple"},"acf":[],"_links":{"self":[{"href":"https:\/\/lode.lv\/lt\/wp-json\/wp\/v2\/product\/269671","targetHints":{"allow":["GET"]}}],"collection":[{"href":"https:\/\/lode.lv\/lt\/wp-json\/wp\/v2\/product"}],"about":[{"href":"https:\/\/lode.lv\/lt\/wp-json\/wp\/v2\/types\/product"}],"wp:featuredmedia":[{"embeddable":true,"href":"https:\/\/lode.lv\/lt\/wp-json\/wp\/v2\/media\/271327"}],"wp:attachment":[{"href":"https:\/\/lode.lv\/lt\/wp-json\/wp\/v2\/media?parent=269671"}],"wp:term":[{"taxonomy":"product_brand","embeddable":true,"href":"https:\/\/lode.lv\/lt\/wp-json\/wp\/v2\/product_brand?post=269671"},{"taxonomy":"product_cat","embeddable":true,"href":"https:\/\/lode.lv\/lt\/wp-json\/wp\/v2\/product_cat?post=269671"},{"taxonomy":"product_tag","embeddable":true,"href":"https:\/\/lode.lv\/lt\/wp-json\/wp\/v2\/product_tag?post=269671"}],"curies":[{"name":"wp","href":"https:\/\/api.w.org\/{rel}","templated":true}]}}