{"id":269670,"date":"2025-03-16T22:04:06","date_gmt":"2025-03-16T22:04:06","guid":{"rendered":"http:\/\/lode2025.local\/product\/vecais-brunis\/"},"modified":"2025-05-06T09:03:23","modified_gmt":"2025-05-06T09:03:23","slug":"vecais-brunis","status":"publish","type":"product","link":"https:\/\/lode.lv\/lt\/shop\/del-fasado\/visas-plytas\/vecais-brunis\/","title":{"rendered":"VECAIS BRUNIS"},"content":{"rendered":"<p>Retro stiliaus apdailos plyta tamsiai \u0161okolado atspalvio su banguota tekst\u016bra, kuri suteikia fasadams autenti\u0161k\u0105 charakter\u012f. Jos harmoningos spalvos ir reljefin\u0117 tekst\u016bra sukuria \u012fsp\u016bding\u0105 ir niuansuot\u0105 fasado i\u0161vaizd\u0105, puikiai deran\u010di\u0105 tiek prie istorini\u0173, tiek prie \u0161iuolaikini\u0173 architekt\u016bros sprendim\u0173. I\u0161 nat\u016bralaus molio pagaminta pilnavidur\u0117 apdailos plyta tinka ir krosni\u0173 bei kamin\u0173 apdailai, taip pat saunoms ir stogo elementams.<\/p>\n","protected":false},"excerpt":{"rendered":"<p>Pilnavidur\u0117 plyta<\/p>\n","protected":false},"featured_media":272875,"template":"","meta":{"_acf_changed":false},"product_brand":[90],"product_cat":[462,464],"product_tag":[],"class_list":{"0":"post-269670","1":"product","2":"type-product","3":"status-publish","4":"has-post-thumbnail","6":"product_brand-lode","7":"product_cat-dumtraukiams-krosnims","8":"product_cat-visas-plytas","10":"first","11":"instock","12":"purchasable","13":"product-type-simple"},"acf":[],"_links":{"self":[{"href":"https:\/\/lode.lv\/lt\/wp-json\/wp\/v2\/product\/269670","targetHints":{"allow":["GET"]}}],"collection":[{"href":"https:\/\/lode.lv\/lt\/wp-json\/wp\/v2\/product"}],"about":[{"href":"https:\/\/lode.lv\/lt\/wp-json\/wp\/v2\/types\/product"}],"wp:featuredmedia":[{"embeddable":true,"href":"https:\/\/lode.lv\/lt\/wp-json\/wp\/v2\/media\/272875"}],"wp:attachment":[{"href":"https:\/\/lode.lv\/lt\/wp-json\/wp\/v2\/media?parent=269670"}],"wp:term":[{"taxonomy":"product_brand","embeddable":true,"href":"https:\/\/lode.lv\/lt\/wp-json\/wp\/v2\/product_brand?post=269670"},{"taxonomy":"product_cat","embeddable":true,"href":"https:\/\/lode.lv\/lt\/wp-json\/wp\/v2\/product_cat?post=269670"},{"taxonomy":"product_tag","embeddable":true,"href":"https:\/\/lode.lv\/lt\/wp-json\/wp\/v2\/product_tag?post=269670"}],"curies":[{"name":"wp","href":"https:\/\/api.w.org\/{rel}","templated":true}]}}