{"id":269624,"date":"2025-03-17T00:08:10","date_gmt":"2025-03-17T00:08:10","guid":{"rendered":"http:\/\/lode2025.local\/product\/lima\/"},"modified":"2025-05-07T04:00:35","modified_gmt":"2025-05-07T04:00:35","slug":"lima","status":"publish","type":"product","link":"https:\/\/lode.lv\/lt\/shop\/del-fasado\/fasadines-plytu-plyteles\/lima\/","title":{"rendered":"Laima"},"content":{"rendered":"<p>Plyt\u0173 plytel\u0117 su \u0161iltu, gelsvu atspalviu. Jos lygus pavir\u0161ius ir \u0161velni matin\u0117 tekst\u016bra daro j\u0105 puikiu pasirinkimu tiek tradiciniams, tiek moderniems pastatams. LAIMA suteikia jaukumo ir \u0161ilumos fasadui, sukurdama harmoning\u0105 pusiausvyr\u0105 tarp rafinuotumo ir gamtos.<\/p>\n","protected":false},"excerpt":{"rendered":"<p>Fasadin\u0117s apdailos plytel\u0117s<\/p>\n","protected":false},"featured_media":273259,"template":"","meta":{"_acf_changed":false},"product_brand":[90],"product_cat":[545,546],"product_tag":[],"class_list":{"0":"post-269624","1":"product","2":"type-product","3":"status-publish","4":"has-post-thumbnail","6":"product_brand-lode","7":"product_cat-del-fasado","8":"product_cat-fasadines-plytu-plyteles","10":"first","11":"instock","12":"purchasable","13":"product-type-simple"},"acf":[],"_links":{"self":[{"href":"https:\/\/lode.lv\/lt\/wp-json\/wp\/v2\/product\/269624","targetHints":{"allow":["GET"]}}],"collection":[{"href":"https:\/\/lode.lv\/lt\/wp-json\/wp\/v2\/product"}],"about":[{"href":"https:\/\/lode.lv\/lt\/wp-json\/wp\/v2\/types\/product"}],"wp:featuredmedia":[{"embeddable":true,"href":"https:\/\/lode.lv\/lt\/wp-json\/wp\/v2\/media\/273259"}],"wp:attachment":[{"href":"https:\/\/lode.lv\/lt\/wp-json\/wp\/v2\/media?parent=269624"}],"wp:term":[{"taxonomy":"product_brand","embeddable":true,"href":"https:\/\/lode.lv\/lt\/wp-json\/wp\/v2\/product_brand?post=269624"},{"taxonomy":"product_cat","embeddable":true,"href":"https:\/\/lode.lv\/lt\/wp-json\/wp\/v2\/product_cat?post=269624"},{"taxonomy":"product_tag","embeddable":true,"href":"https:\/\/lode.lv\/lt\/wp-json\/wp\/v2\/product_tag?post=269624"}],"curies":[{"name":"wp","href":"https:\/\/api.w.org\/{rel}","templated":true}]}}