{"id":269597,"date":"2025-03-17T00:13:54","date_gmt":"2025-03-17T00:13:54","guid":{"rendered":"http:\/\/lode2025.local\/product\/sirius\/"},"modified":"2025-05-07T04:00:34","modified_gmt":"2025-05-07T04:00:34","slug":"sirius","status":"publish","type":"product","link":"https:\/\/lode.lv\/lt\/shop\/del-fasado\/fasadines-plytu-plyteles\/sirius\/","title":{"rendered":"Syriusz"},"content":{"rendered":"<p>Tamsiai pilka spalva ir matin\u0117 danga sukuria modern\u0173, minimalistin\u012f efekt\u0105, kuris puikiai dera pramonin\u0117je ir \u0161iuolaikin\u0117je architekt\u016broje. SYRIUSZ apdailos plytel\u0117s yra ne tik vizualiai patrauklios, bet ir atsparios oro s\u0105lygoms, tod\u0117l i\u0161laiko savo kokyb\u0119 daugel\u012f met\u0173.<\/p>\n","protected":false},"excerpt":{"rendered":"<p>Fasadin\u0117s apdailos plytel\u0117s<\/p>\n","protected":false},"featured_media":272919,"template":"","meta":{"_acf_changed":false},"product_brand":[90],"product_cat":[545,546],"product_tag":[],"class_list":{"0":"post-269597","1":"product","2":"type-product","3":"status-publish","4":"has-post-thumbnail","6":"product_brand-lode","7":"product_cat-del-fasado","8":"product_cat-fasadines-plytu-plyteles","10":"first","11":"instock","12":"purchasable","13":"product-type-simple"},"acf":[],"_links":{"self":[{"href":"https:\/\/lode.lv\/lt\/wp-json\/wp\/v2\/product\/269597","targetHints":{"allow":["GET"]}}],"collection":[{"href":"https:\/\/lode.lv\/lt\/wp-json\/wp\/v2\/product"}],"about":[{"href":"https:\/\/lode.lv\/lt\/wp-json\/wp\/v2\/types\/product"}],"wp:featuredmedia":[{"embeddable":true,"href":"https:\/\/lode.lv\/lt\/wp-json\/wp\/v2\/media\/272919"}],"wp:attachment":[{"href":"https:\/\/lode.lv\/lt\/wp-json\/wp\/v2\/media?parent=269597"}],"wp:term":[{"taxonomy":"product_brand","embeddable":true,"href":"https:\/\/lode.lv\/lt\/wp-json\/wp\/v2\/product_brand?post=269597"},{"taxonomy":"product_cat","embeddable":true,"href":"https:\/\/lode.lv\/lt\/wp-json\/wp\/v2\/product_cat?post=269597"},{"taxonomy":"product_tag","embeddable":true,"href":"https:\/\/lode.lv\/lt\/wp-json\/wp\/v2\/product_tag?post=269597"}],"curies":[{"name":"wp","href":"https:\/\/api.w.org\/{rel}","templated":true}]}}