{"id":269592,"date":"2025-03-17T00:13:54","date_gmt":"2025-03-17T00:13:54","guid":{"rendered":"http:\/\/lode2025.local\/product\/taurus-ibreztas\/"},"modified":"2025-05-07T04:00:33","modified_gmt":"2025-05-07T04:00:33","slug":"taurus-ibreztas","status":"publish","type":"product","link":"https:\/\/lode.lv\/lt\/shop\/del-fasado\/fasadines-plytu-plyteles\/taurus-ibreztas\/","title":{"rendered":"Taurus (br\u016bk\u0161niuotas)"},"content":{"rendered":"<p>TAURUS ta\u0161yt\u0173 plytel\u0117s yra sodraus rudo atspalvio ir i\u0161skirtin\u0117s tekst\u016bros, suteikian\u010dios fasadui gilumo ir i\u0161rai\u0161kingumo. \u0160i apdaila sukuria \u0161iek tiek \u0161iurk\u0161t\u0173, bet vizualiai patraukl\u0173 efekt\u0105, kuris kinta priklausomai nuo ap\u0161vietimo. \u0160i plytel\u0117 idealiai tinka pastatams, kuriems reikia unikalaus charakterio ir tekst\u016brini\u0173 akcent\u0173.<\/p>\n","protected":false},"excerpt":{"rendered":"<p>Fasadin\u0117s apdailos plytel\u0117s<\/p>\n","protected":false},"featured_media":273219,"template":"","meta":{"_acf_changed":false},"product_brand":[90],"product_cat":[545,546],"product_tag":[],"class_list":{"0":"post-269592","1":"product","2":"type-product","3":"status-publish","4":"has-post-thumbnail","6":"product_brand-lode","7":"product_cat-del-fasado","8":"product_cat-fasadines-plytu-plyteles","10":"first","11":"instock","12":"purchasable","13":"product-type-simple"},"acf":[],"_links":{"self":[{"href":"https:\/\/lode.lv\/lt\/wp-json\/wp\/v2\/product\/269592","targetHints":{"allow":["GET"]}}],"collection":[{"href":"https:\/\/lode.lv\/lt\/wp-json\/wp\/v2\/product"}],"about":[{"href":"https:\/\/lode.lv\/lt\/wp-json\/wp\/v2\/types\/product"}],"wp:featuredmedia":[{"embeddable":true,"href":"https:\/\/lode.lv\/lt\/wp-json\/wp\/v2\/media\/273219"}],"wp:attachment":[{"href":"https:\/\/lode.lv\/lt\/wp-json\/wp\/v2\/media?parent=269592"}],"wp:term":[{"taxonomy":"product_brand","embeddable":true,"href":"https:\/\/lode.lv\/lt\/wp-json\/wp\/v2\/product_brand?post=269592"},{"taxonomy":"product_cat","embeddable":true,"href":"https:\/\/lode.lv\/lt\/wp-json\/wp\/v2\/product_cat?post=269592"},{"taxonomy":"product_tag","embeddable":true,"href":"https:\/\/lode.lv\/lt\/wp-json\/wp\/v2\/product_tag?post=269592"}],"curies":[{"name":"wp","href":"https:\/\/api.w.org\/{rel}","templated":true}]}}