{"id":269584,"date":"2025-03-17T00:13:54","date_gmt":"2025-03-17T00:13:54","guid":{"rendered":"http:\/\/lode2025.local\/product\/taurus\/"},"modified":"2025-05-07T04:00:33","modified_gmt":"2025-05-07T04:00:33","slug":"taurus","status":"publish","type":"product","link":"https:\/\/lode.lv\/lt\/shop\/del-fasado\/fasadines-plytu-plyteles\/kampines-apdailos-plytu-plyteles\/taurus\/","title":{"rendered":"Taurus"},"content":{"rendered":"<p>TAURUS kampin\u0117s plytel\u0117s i\u0161laiko rud\u0105 atspalv\u012f ir lygi\u0105 tekst\u016br\u0105, u\u017etikrinant skland\u0173 ir harmoning\u0105 kamp\u0173 u\u017ebaigim\u0105. Tai palengvina vizualiai vientis\u0105 ir esteti\u0161kai patraukl\u0173 fasad\u0105, suteikiant kampams tvirtumo ir u\u017ebaigtumo jausm\u0105.<\/p>\n","protected":false},"excerpt":{"rendered":"<p>Kampin\u0117s fasado apdailos plytel\u0117s<\/p>\n","protected":false},"featured_media":271191,"template":"","meta":{"_acf_changed":false},"product_brand":[90],"product_cat":[545,546,547],"product_tag":[],"class_list":{"0":"post-269584","1":"product","2":"type-product","3":"status-publish","4":"has-post-thumbnail","6":"product_brand-lode","7":"product_cat-del-fasado","8":"product_cat-fasadines-plytu-plyteles","9":"product_cat-kampines-apdailos-plytu-plyteles","11":"first","12":"instock","13":"purchasable","14":"product-type-simple"},"acf":[],"_links":{"self":[{"href":"https:\/\/lode.lv\/lt\/wp-json\/wp\/v2\/product\/269584","targetHints":{"allow":["GET"]}}],"collection":[{"href":"https:\/\/lode.lv\/lt\/wp-json\/wp\/v2\/product"}],"about":[{"href":"https:\/\/lode.lv\/lt\/wp-json\/wp\/v2\/types\/product"}],"wp:featuredmedia":[{"embeddable":true,"href":"https:\/\/lode.lv\/lt\/wp-json\/wp\/v2\/media\/271191"}],"wp:attachment":[{"href":"https:\/\/lode.lv\/lt\/wp-json\/wp\/v2\/media?parent=269584"}],"wp:term":[{"taxonomy":"product_brand","embeddable":true,"href":"https:\/\/lode.lv\/lt\/wp-json\/wp\/v2\/product_brand?post=269584"},{"taxonomy":"product_cat","embeddable":true,"href":"https:\/\/lode.lv\/lt\/wp-json\/wp\/v2\/product_cat?post=269584"},{"taxonomy":"product_tag","embeddable":true,"href":"https:\/\/lode.lv\/lt\/wp-json\/wp\/v2\/product_tag?post=269584"}],"curies":[{"name":"wp","href":"https:\/\/api.w.org\/{rel}","templated":true}]}}