{"id":269562,"date":"2025-03-17T01:02:34","date_gmt":"2025-03-17T01:02:34","guid":{"rendered":"http:\/\/lode2025.local\/product\/keraterm-25-aku\/"},"modified":"2026-04-08T10:22:09","modified_gmt":"2026-04-08T10:22:09","slug":"keraterm-25-aku","status":"publish","type":"product","link":"https:\/\/lode.lv\/lt\/shop\/lode-statybiniai-blokai\/lode-keraterm-lt\/keraterm-25-aku\/","title":{"rendered":"Keraterm 25 AKU"},"content":{"rendered":"<p><span class=\"TextRun SCXW206122368 BCX8\" lang=\"LT-LT\" xml:lang=\"LT-LT\" data-contrast=\"auto\"><span class=\"NormalTextRun SCXW206122368 BCX8\">LODE\u00a0<\/span><span class=\"NormalTextRun SCXW206122368 BCX8\">KERATERM<\/span><span class=\"NormalTextRun SCXW206122368 BCX8\">\u00a0<\/span><span class=\"NormalTextRun SCXW206122368 BCX8\">25 AKU<\/span><span class=\"NormalTextRun SCXW206122368 BCX8\">\u00a0\u2013 nat\u016bralaus degto molio, perforuotas keraminis blokelis skirtas\u00a0<\/span><span class=\"NormalTextRun SCXW206122368 BCX8\">laikan\u010di\u0173 sien\u0173 m\u016brui. MASTER 25 AKU yra padidinto stiprio M200 keraminis blokelis daugiabu\u010di\u0173 nam\u0173 laikan\u010di\u0173 ir gars\u0105 izoliuojan\u010di\u0173 sien\u0173 m\u016brui.<\/span><\/span><\/p>\n<p><span class=\"TextRun SCXW43986523 BCX8\" lang=\"LT-LT\" xml:lang=\"LT-LT\" data-contrast=\"auto\"><span class=\"NormalTextRun SCXW43986523 BCX8\">M\u016aRO TIPAS:\u00a0<\/span><span class=\"NormalTextRun SCXW43986523 BCX8\">standartinis skiedinys<\/span><\/span><span class=\"EOP SCXW43986523 BCX8\" data-ccp-props=\"{}\">\u00a0<\/span><\/p>\n","protected":false},"excerpt":{"rendered":"<p>Statybinis blokelis<\/p>\n","protected":false},"featured_media":273303,"template":"","meta":{"_acf_changed":false},"product_brand":[],"product_cat":[513,518,536],"product_tag":[],"class_list":{"0":"post-269562","1":"product","2":"type-product","3":"status-publish","4":"has-post-thumbnail","6":"product_cat-lode-keraterm-lt","7":"product_cat-lode-statybiniai-blokai","8":"product_cat-statybai-lt","10":"first","11":"instock","12":"product-type-simple"},"acf":[],"_links":{"self":[{"href":"https:\/\/lode.lv\/lt\/wp-json\/wp\/v2\/product\/269562","targetHints":{"allow":["GET"]}}],"collection":[{"href":"https:\/\/lode.lv\/lt\/wp-json\/wp\/v2\/product"}],"about":[{"href":"https:\/\/lode.lv\/lt\/wp-json\/wp\/v2\/types\/product"}],"wp:featuredmedia":[{"embeddable":true,"href":"https:\/\/lode.lv\/lt\/wp-json\/wp\/v2\/media\/273303"}],"wp:attachment":[{"href":"https:\/\/lode.lv\/lt\/wp-json\/wp\/v2\/media?parent=269562"}],"wp:term":[{"taxonomy":"product_brand","embeddable":true,"href":"https:\/\/lode.lv\/lt\/wp-json\/wp\/v2\/product_brand?post=269562"},{"taxonomy":"product_cat","embeddable":true,"href":"https:\/\/lode.lv\/lt\/wp-json\/wp\/v2\/product_cat?post=269562"},{"taxonomy":"product_tag","embeddable":true,"href":"https:\/\/lode.lv\/lt\/wp-json\/wp\/v2\/product_tag?post=269562"}],"curies":[{"name":"wp","href":"https:\/\/api.w.org\/{rel}","templated":true}]}}