{"id":269550,"date":"2025-03-17T01:02:34","date_gmt":"2025-03-17T01:02:34","guid":{"rendered":"http:\/\/lode2025.local\/product\/keraterm-12\/"},"modified":"2026-04-08T10:18:26","modified_gmt":"2026-04-08T10:18:26","slug":"keraterm-12","status":"publish","type":"product","link":"https:\/\/lode.lv\/lt\/shop\/lode-statybiniai-blokai\/lode-keraterm-lt\/keraterm-12\/","title":{"rendered":"Keraterm 12"},"content":{"rendered":"<p><span data-contrast=\"auto\">LODE\u00a0KERATERM\u00a012 \u2013 nat\u016bralaus degto molio, perforuotas keraminis blokelis skirtas 120 mm\u00a0pertvarini\u0173\u00a0sien\u0173 \u012frengimui tarp kambari\u0173 ar kito tipo patalp\u0173. Taip pat gali b\u016bti naudojamas sistemai MASTER 12 + 50 \/ 100 mm mineralin\u0117s vatos + MASTER 12 \u2013\u00a0tarpbutini\u0173\u00a0gars\u0105 izoliuojan\u010di\u0173 sien\u0173 \u012frengimui.<\/span><span data-ccp-props=\"{}\">\u00a0<\/span><\/p>\n<p><span data-contrast=\"auto\">Optimalus\u00a0pertvarinio\u00a0blokelio storis 120 mm, leid\u017eia tinkamai \u012frengti \u012fleid\u017eiamas elektros rozetes ar \u0161viesos jungiklius.<\/span><span data-ccp-props=\"{}\">\u00a0<\/span><\/p>\n<p><span class=\"TextRun SCXW74059719 BCX8\" lang=\"LT-LT\" xml:lang=\"LT-LT\" data-contrast=\"auto\"><span class=\"NormalTextRun SCXW74059719 BCX8\">M\u016aRO TIPAS: standartinis skiedinys\u00a0<\/span><\/span><span class=\"EOP SCXW74059719 BCX8\" data-ccp-props=\"{}\">\u00a0<\/span><\/p>\n","protected":false},"excerpt":{"rendered":"<p>Statybinis blokelis<\/p>\n","protected":false},"featured_media":273271,"template":"","meta":{"_acf_changed":false},"product_brand":[],"product_cat":[513,518,536],"product_tag":[],"class_list":{"0":"post-269550","1":"product","2":"type-product","3":"status-publish","4":"has-post-thumbnail","6":"product_cat-lode-keraterm-lt","7":"product_cat-lode-statybiniai-blokai","8":"product_cat-statybai-lt","10":"first","11":"instock","12":"product-type-simple"},"acf":[],"_links":{"self":[{"href":"https:\/\/lode.lv\/lt\/wp-json\/wp\/v2\/product\/269550","targetHints":{"allow":["GET"]}}],"collection":[{"href":"https:\/\/lode.lv\/lt\/wp-json\/wp\/v2\/product"}],"about":[{"href":"https:\/\/lode.lv\/lt\/wp-json\/wp\/v2\/types\/product"}],"wp:featuredmedia":[{"embeddable":true,"href":"https:\/\/lode.lv\/lt\/wp-json\/wp\/v2\/media\/273271"}],"wp:attachment":[{"href":"https:\/\/lode.lv\/lt\/wp-json\/wp\/v2\/media?parent=269550"}],"wp:term":[{"taxonomy":"product_brand","embeddable":true,"href":"https:\/\/lode.lv\/lt\/wp-json\/wp\/v2\/product_brand?post=269550"},{"taxonomy":"product_cat","embeddable":true,"href":"https:\/\/lode.lv\/lt\/wp-json\/wp\/v2\/product_cat?post=269550"},{"taxonomy":"product_tag","embeddable":true,"href":"https:\/\/lode.lv\/lt\/wp-json\/wp\/v2\/product_tag?post=269550"}],"curies":[{"name":"wp","href":"https:\/\/api.w.org\/{rel}","templated":true}]}}