{"id":269546,"date":"2025-03-17T01:02:34","date_gmt":"2025-03-17T01:02:34","guid":{"rendered":"http:\/\/lode2025.local\/product\/kerateris-44\/"},"modified":"2026-04-08T10:21:35","modified_gmt":"2026-04-08T10:21:35","slug":"kerateris-44","status":"publish","type":"product","link":"https:\/\/lode.lv\/lt\/shop\/lode-statybiniai-blokai\/lode-keraterm-lt\/kerateris-44\/","title":{"rendered":"Keraterm 44"},"content":{"rendered":"<p><span data-contrast=\"auto\">LODE\u00a0KERATERM\u00a044\u00a0\u2013 nat\u016bralaus degto molio, perforuotas keraminis blokelis skirtas\u00a0laikan\u010di\u0173 sien\u0173 m\u016brui. Didelis blokelio stipris, I\u0160SKIRTIN\u0116S \u0160ILUMOS SAVYB\u0116S ir nat\u016bralaus degto molio gaminys yra AUK\u0160\u010cIAUSIOS SIEN\u0172 KOKYB\u0116S GARANTAS.<\/span><span data-ccp-props=\"{}\">\u00a0<\/span><\/p>\n<p><span data-contrast=\"auto\">Didesnis sien\u0173 storis garantuoja puikias patalp\u0173 mikroklimato savybes. I\u0160SKIRTIN\u0116S \u0160ILUMIN\u0116S SAVYB\u0116S, leid\u017eia suma\u017einti sienos ap\u0161iltinimo sluoksnio stor\u012f.<\/span><span data-ccp-props=\"{}\">\u00a0<\/span><\/p>\n<p><span class=\"TextRun SCXW60871259 BCX8\" lang=\"LT-LT\" xml:lang=\"LT-LT\" data-contrast=\"auto\"><span class=\"NormalTextRun SCXW60871259 BCX8\">M\u016aRO TIPAS:\u00a0<\/span><span class=\"NormalTextRun SCXW60871259 BCX8\">standartinis skiedinys<\/span><\/span><span class=\"EOP SCXW60871259 BCX8\" data-ccp-props=\"{}\">\u00a0<\/span><\/p>\n","protected":false},"excerpt":{"rendered":"<p>Statybinis blokelis<\/p>\n","protected":false},"featured_media":273279,"template":"","meta":{"_acf_changed":false},"product_brand":[],"product_cat":[513,518,536],"product_tag":[],"class_list":{"0":"post-269546","1":"product","2":"type-product","3":"status-publish","4":"has-post-thumbnail","6":"product_cat-lode-keraterm-lt","7":"product_cat-lode-statybiniai-blokai","8":"product_cat-statybai-lt","10":"first","11":"instock","12":"product-type-simple"},"acf":[],"_links":{"self":[{"href":"https:\/\/lode.lv\/lt\/wp-json\/wp\/v2\/product\/269546","targetHints":{"allow":["GET"]}}],"collection":[{"href":"https:\/\/lode.lv\/lt\/wp-json\/wp\/v2\/product"}],"about":[{"href":"https:\/\/lode.lv\/lt\/wp-json\/wp\/v2\/types\/product"}],"wp:featuredmedia":[{"embeddable":true,"href":"https:\/\/lode.lv\/lt\/wp-json\/wp\/v2\/media\/273279"}],"wp:attachment":[{"href":"https:\/\/lode.lv\/lt\/wp-json\/wp\/v2\/media?parent=269546"}],"wp:term":[{"taxonomy":"product_brand","embeddable":true,"href":"https:\/\/lode.lv\/lt\/wp-json\/wp\/v2\/product_brand?post=269546"},{"taxonomy":"product_cat","embeddable":true,"href":"https:\/\/lode.lv\/lt\/wp-json\/wp\/v2\/product_cat?post=269546"},{"taxonomy":"product_tag","embeddable":true,"href":"https:\/\/lode.lv\/lt\/wp-json\/wp\/v2\/product_tag?post=269546"}],"curies":[{"name":"wp","href":"https:\/\/api.w.org\/{rel}","templated":true}]}}