{"id":269544,"date":"2025-03-17T01:02:34","date_gmt":"2025-03-17T01:02:34","guid":{"rendered":"http:\/\/lode2025.local\/product\/keraterm-44-2\/"},"modified":"2025-07-03T15:37:53","modified_gmt":"2025-07-03T15:37:53","slug":"keraterm-44-2","status":"publish","type":"product","link":"https:\/\/lode.lv\/lt\/shop\/lode-statybiniai-blokai\/lode-keraterm-lt\/keraterm-44-2\/","title":{"rendered":"Keraterm 44\/2"},"content":{"rendered":"<p>LODE Keraterm 44\/2 \u2013 pusblokis, skirtas 440 mm storio sienoms ir pertvar\u0173 kampams. \u0160i\u0173 keramini\u0173 blokeli\u0173 nereikia skaldyti, tod\u0117l taupomas laikas ir med\u017eiagos. Keraterm 44\/2 yra papildomas Keraterm 44 sistemos elementas, naudojamas kampams, dur\u0173 ir lang\u0173 angoms formuoti bei m\u016bro eil\u0117ms u\u017ebaigti.<\/p>\n","protected":false},"excerpt":{"rendered":"<p>Statybinis blokelis<\/p>\n","protected":false},"featured_media":273275,"template":"","meta":{"_acf_changed":false},"product_brand":[],"product_cat":[513,518,536],"product_tag":[],"class_list":{"0":"post-269544","1":"product","2":"type-product","3":"status-publish","4":"has-post-thumbnail","6":"product_cat-lode-keraterm-lt","7":"product_cat-lode-statybiniai-blokai","8":"product_cat-statybai-lt","10":"first","11":"instock","12":"product-type-simple"},"acf":[],"_links":{"self":[{"href":"https:\/\/lode.lv\/lt\/wp-json\/wp\/v2\/product\/269544","targetHints":{"allow":["GET"]}}],"collection":[{"href":"https:\/\/lode.lv\/lt\/wp-json\/wp\/v2\/product"}],"about":[{"href":"https:\/\/lode.lv\/lt\/wp-json\/wp\/v2\/types\/product"}],"wp:featuredmedia":[{"embeddable":true,"href":"https:\/\/lode.lv\/lt\/wp-json\/wp\/v2\/media\/273275"}],"wp:attachment":[{"href":"https:\/\/lode.lv\/lt\/wp-json\/wp\/v2\/media?parent=269544"}],"wp:term":[{"taxonomy":"product_brand","embeddable":true,"href":"https:\/\/lode.lv\/lt\/wp-json\/wp\/v2\/product_brand?post=269544"},{"taxonomy":"product_cat","embeddable":true,"href":"https:\/\/lode.lv\/lt\/wp-json\/wp\/v2\/product_cat?post=269544"},{"taxonomy":"product_tag","embeddable":true,"href":"https:\/\/lode.lv\/lt\/wp-json\/wp\/v2\/product_tag?post=269544"}],"curies":[{"name":"wp","href":"https:\/\/api.w.org\/{rel}","templated":true}]}}